{"id":903,"date":"2025-06-03T17:57:47","date_gmt":"2025-06-03T14:57:47","guid":{"rendered":"https:\/\/marinistanbul.com\/?page_id=903"},"modified":"2025-06-10T17:42:53","modified_gmt":"2025-06-10T14:42:53","slug":"twinco-tr","status":"publish","type":"page","link":"https:\/\/marinistanbul.com\/?page_id=903&lang=tr","title":{"rendered":"Twinco-tr"},"content":{"rendered":"\t\t<div data-elementor-type=\"wp-page\" data-elementor-id=\"903\" class=\"elementor elementor-903\">\n\t\t\t\t\t\t<section class=\"elementor-section elementor-top-section elementor-element elementor-element-1db45430 elementor-section-boxed elementor-section-height-default elementor-section-height-default\" data-id=\"1db45430\" data-element_type=\"section\" data-settings=\"{&quot;background_background&quot;:&quot;classic&quot;}\">\n\t\t\t\t\t\t\t<div class=\"elementor-background-overlay\"><\/div>\n\t\t\t\t\t\t\t<div class=\"elementor-container elementor-column-gap-default\">\n\t\t\t\t\t<div class=\"elementor-column elementor-col-100 elementor-top-column elementor-element elementor-element-b70bfed\" data-id=\"b70bfed\" data-element_type=\"column\">\n\t\t\t<div class=\"elementor-widget-wrap elementor-element-populated\">\n\t\t\t\t\t\t<section class=\"elementor-section elementor-inner-section elementor-element elementor-element-5a65d6f9 elementor-section-boxed elementor-section-height-default elementor-section-height-default\" data-id=\"5a65d6f9\" data-element_type=\"section\">\n\t\t\t\t\t\t<div class=\"elementor-container elementor-column-gap-default\">\n\t\t\t\t\t<div class=\"elementor-column elementor-col-100 elementor-inner-column elementor-element elementor-element-2f399241\" data-id=\"2f399241\" data-element_type=\"column\">\n\t\t\t<div class=\"elementor-widget-wrap elementor-element-populated\">\n\t\t\t\t\t\t<div class=\"elementor-element elementor-element-553cfa59 elementor-icon-list--layout-inline elementor-align-center elementor-list-item-link-full_width elementor-widget elementor-widget-icon-list\" data-id=\"553cfa59\" data-element_type=\"widget\" data-widget_type=\"icon-list.default\">\n\t\t\t\t<div class=\"elementor-widget-container\">\n\t\t\t\t\t\t\t<ul class=\"elementor-icon-list-items elementor-inline-items\">\n\t\t\t\t\t\t\t<li class=\"elementor-icon-list-item elementor-inline-item\">\n\t\t\t\t\t\t\t\t\t\t<span class=\"elementor-icon-list-text\"><\/span>\n\t\t\t\t\t\t\t\t\t<\/li>\n\t\t\t\t\t\t<\/ul>\n\t\t\t\t\t\t<\/div>\n\t\t\t\t<\/div>\n\t\t\t\t<div class=\"elementor-element elementor-element-b987cbc elementor-icon-list--layout-inline elementor-align-center elementor-list-item-link-full_width elementor-widget elementor-widget-icon-list\" data-id=\"b987cbc\" data-element_type=\"widget\" data-widget_type=\"icon-list.default\">\n\t\t\t\t<div class=\"elementor-widget-container\">\n\t\t\t\t\t\t\t<ul class=\"elementor-icon-list-items elementor-inline-items\">\n\t\t\t\t\t\t\t<li class=\"elementor-icon-list-item elementor-inline-item\">\n\t\t\t\t\t\t\t\t\t\t\t<a href=\"https:\/\/marinistanbul.com\/?page_id=913&#038;lang=tr\">\n\n\t\t\t\t\t\t\t\t\t\t\t<span class=\"elementor-icon-list-text\">Anasayfa<\/span>\n\t\t\t\t\t\t\t\t\t\t\t<\/a>\n\t\t\t\t\t\t\t\t\t<\/li>\n\t\t\t\t\t\t\t\t<li class=\"elementor-icon-list-item elementor-inline-item\">\n\t\t\t\t\t\t\t\t\t\t\t<a href=\"https:\/\/marinistanbul.com\/?page_id=903&#038;lang=tr\">\n\n\t\t\t\t\t\t\t\t\t\t\t\t<span class=\"elementor-icon-list-icon\">\n\t\t\t\t\t\t\t<svg aria-hidden=\"true\" class=\"e-font-icon-svg e-fas-chevron-circle-right\" viewBox=\"0 0 512 512\" xmlns=\"http:\/\/www.w3.org\/2000\/svg\"><path d=\"M256 8c137 0 248 111 248 248S393 504 256 504 8 393 8 256 119 8 256 8zm113.9 231L234.4 103.5c-9.4-9.4-24.6-9.4-33.9 0l-17 17c-9.4 9.4-9.4 24.6 0 33.9L285.1 256 183.5 357.6c-9.4 9.4-9.4 24.6 0 33.9l17 17c9.4 9.4 24.6 9.4 33.9 0L369.9 273c9.4-9.4 9.4-24.6 0-34z\"><\/path><\/svg>\t\t\t\t\t\t<\/span>\n\t\t\t\t\t\t\t\t\t\t<span class=\"elementor-icon-list-text\">Twinco<\/span>\n\t\t\t\t\t\t\t\t\t\t\t<\/a>\n\t\t\t\t\t\t\t\t\t<\/li>\n\t\t\t\t\t\t<\/ul>\n\t\t\t\t\t\t<\/div>\n\t\t\t\t<\/div>\n\t\t\t\t\t<\/div>\n\t\t<\/div>\n\t\t\t\t\t<\/div>\n\t\t<\/section>\n\t\t\t\t\t<\/div>\n\t\t<\/div>\n\t\t\t\t\t<\/div>\n\t\t<\/section>\n\t\t\t\t<section class=\"elementor-section elementor-top-section elementor-element elementor-element-4a339a6f elementor-section-boxed elementor-section-height-default elementor-section-height-default\" data-id=\"4a339a6f\" data-element_type=\"section\">\n\t\t\t\t\t\t<div class=\"elementor-container elementor-column-gap-default\">\n\t\t\t\t\t<div class=\"elementor-column elementor-col-100 elementor-top-column elementor-element elementor-element-317cdd8b\" data-id=\"317cdd8b\" data-element_type=\"column\">\n\t\t\t<div class=\"elementor-widget-wrap elementor-element-populated\">\n\t\t\t\t\t\t<section class=\"elementor-section elementor-inner-section elementor-element elementor-element-6ae25baf elementor-section-boxed elementor-section-height-default elementor-section-height-default\" data-id=\"6ae25baf\" data-element_type=\"section\">\n\t\t\t\t\t\t<div class=\"elementor-container elementor-column-gap-default\">\n\t\t\t\t\t<div class=\"elementor-column elementor-col-100 elementor-inner-column elementor-element elementor-element-7b003968 elementor-invisible\" data-id=\"7b003968\" data-element_type=\"column\" data-settings=\"{&quot;animation&quot;:&quot;fadeInUp&quot;}\">\n\t\t\t<div class=\"elementor-widget-wrap elementor-element-populated\">\n\t\t\t\t\t\t<div class=\"elementor-element elementor-element-50f2582 elementor-widget elementor-widget-image\" data-id=\"50f2582\" data-element_type=\"widget\" data-widget_type=\"image.default\">\n\t\t\t\t<div class=\"elementor-widget-container\">\n\t\t\t\t\t\t\t\t\t\t\t\t\t\t\t<img fetchpriority=\"high\" decoding=\"async\" width=\"424\" height=\"128\" src=\"https:\/\/marinistanbul.com\/wp-content\/uploads\/2025\/05\/5.avif\" class=\"attachment-large size-large wp-image-477\" alt=\"\" \/>\t\t\t\t\t\t\t\t\t\t\t\t\t\t\t<\/div>\n\t\t\t\t<\/div>\n\t\t\t\t<div class=\"elementor-element elementor-element-3bd0c381 elementor-widget__width-initial elementor-widget elementor-widget-text-editor\" data-id=\"3bd0c381\" data-element_type=\"widget\" data-widget_type=\"text-editor.default\">\n\t\t\t\t<div class=\"elementor-widget-container\">\n\t\t\t\t\t\t\t\t\t<p class=\"font_7\">Twinco; sat\u0131\u015f sonras\u0131 pazarda d\u00fcnyaca \u00fcnl\u00fc Avrupal\u0131 \u200b\u200b\u00dcreticiler taraf\u0131ndan \u00fcretilen birinci kalite OEM \u00fcr\u00fcnlerin sat\u0131\u015f\u0131n\u0131 ger\u00e7ekle\u015ftirmek i\u00e7in 1994 y\u0131l\u0131nda kurulmu\u015ftur. Twinco en \u00f6nde gelen Avrupa men\u015feili en b\u00fcy\u00fck dizel makinelerin OEM yedek par\u00e7a distrib\u00fct\u00f6rl\u00fc\u011f\u00fcnde lider firmalardan biridir ve tedarik ettikleri genuine kalitedeki OEM \u00fcr\u00fcnlerle denizcilik, enerji santralleri gibi geni\u015f bir end\u00fcstri alan\u0131nda hizmet vermektedir.<\/p><p class=\"font_7\">Uygulama alanlar\u0131:\u00a0<\/p><p class=\"font_7\">\u00a0&#8211; Enerji Santrali \u00a0 \u00a0 \u00a0 \u00a0 \u00a0 \u00a0 \u00a0 \u00a0<\/p><p class=\"font_7\">\u00a0&#8211; Denizcilik\u00a0 \u00a0 \u00a0 \u00a0 \u00a0 \u00a0 \u00a0<\/p><p class=\"font_7\">\u00a0&#8211; Offshore \u00a0 \u00a0 \u00a0 \u00a0 \u00a0 \u00a0\u00a0<\/p><p class=\"font_7\">\u00a0&#8211; Gemi \u0130n\u015fa ,Bak\u0131m, D\u00f6n\u00fc\u015f\u00fcm\u00a0 \u00a0 \u00a0 \u00a0 \u00a0 \u00a0<\/p><p class=\"font_7\">\u00a0&#8211; Ya\u011f, Gaz ve Petrokimyasal<\/p><p class=\"font_7\">\u200b<\/p><p class=\"font_7\"><a>http:\/\/www.twinco.com.sg\/<\/a><\/p>\t\t\t\t\t\t\t\t<\/div>\n\t\t\t\t<\/div>\n\t\t\t\t<div class=\"elementor-element elementor-element-412dd74f elementor-widget__width-initial elementor-widget-divider--view-line elementor-widget elementor-widget-divider\" data-id=\"412dd74f\" data-element_type=\"widget\" data-widget_type=\"divider.default\">\n\t\t\t\t<div class=\"elementor-widget-container\">\n\t\t\t\t\t\t\t<div class=\"elementor-divider\">\n\t\t\t<span class=\"elementor-divider-separator\">\n\t\t\t\t\t\t<\/span>\n\t\t<\/div>\n\t\t\t\t\t\t<\/div>\n\t\t\t\t<\/div>\n\t\t\t\t\t<\/div>\n\t\t<\/div>\n\t\t\t\t\t<\/div>\n\t\t<\/section>\n\t\t\t\t\t<\/div>\n\t\t<\/div>\n\t\t\t\t\t<\/div>\n\t\t<\/section>\n\t\t\t\t<\/div>\n\t\t","protected":false},"excerpt":{"rendered":"<p>Anasayfa Twinco Twinco; sat\u0131\u015f sonras\u0131 pazarda d\u00fcnyaca \u00fcnl\u00fc Avrupal\u0131 \u200b\u200b\u00dcreticiler taraf\u0131ndan \u00fcretilen birinci kalite OEM \u00fcr\u00fcnlerin sat\u0131\u015f\u0131n\u0131 ger\u00e7ekle\u015ftirmek i\u00e7in 1994 y\u0131l\u0131nda kurulmu\u015ftur. Twinco en \u00f6nde gelen Avrupa men\u015feili en b\u00fcy\u00fck dizel makinelerin OEM yedek par\u00e7a distrib\u00fct\u00f6rl\u00fc\u011f\u00fcnde lider firmalardan biridir ve tedarik ettikleri genuine kalitedeki OEM \u00fcr\u00fcnlerle denizcilik, enerji santralleri gibi geni\u015f bir end\u00fcstri alan\u0131nda hizmet [&hellip;]<\/p>\n","protected":false},"author":1,"featured_media":0,"parent":0,"menu_order":0,"comment_status":"closed","ping_status":"closed","template":"elementor_header_footer","meta":{"footnotes":""},"class_list":["post-903","page","type-page","status-publish","hentry"],"_links":{"self":[{"href":"https:\/\/marinistanbul.com\/index.php?rest_route=\/wp\/v2\/pages\/903","targetHints":{"allow":["GET"]}}],"collection":[{"href":"https:\/\/marinistanbul.com\/index.php?rest_route=\/wp\/v2\/pages"}],"about":[{"href":"https:\/\/marinistanbul.com\/index.php?rest_route=\/wp\/v2\/types\/page"}],"author":[{"embeddable":true,"href":"https:\/\/marinistanbul.com\/index.php?rest_route=\/wp\/v2\/users\/1"}],"replies":[{"embeddable":true,"href":"https:\/\/marinistanbul.com\/index.php?rest_route=%2Fwp%2Fv2%2Fcomments&post=903"}],"version-history":[{"count":7,"href":"https:\/\/marinistanbul.com\/index.php?rest_route=\/wp\/v2\/pages\/903\/revisions"}],"predecessor-version":[{"id":979,"href":"https:\/\/marinistanbul.com\/index.php?rest_route=\/wp\/v2\/pages\/903\/revisions\/979"}],"wp:attachment":[{"href":"https:\/\/marinistanbul.com\/index.php?rest_route=%2Fwp%2Fv2%2Fmedia&parent=903"}],"curies":[{"name":"wp","href":"https:\/\/api.w.org\/{rel}","templated":true}]}}