{"id":898,"date":"2025-06-03T17:50:56","date_gmt":"2025-06-03T14:50:56","guid":{"rendered":"https:\/\/marinistanbul.com\/?page_id=898"},"modified":"2025-06-12T12:34:59","modified_gmt":"2025-06-12T09:34:59","slug":"skv-group-tr","status":"publish","type":"page","link":"https:\/\/marinistanbul.com\/?page_id=898&lang=tr","title":{"rendered":"Skv Group -tr"},"content":{"rendered":"\t\t<div data-elementor-type=\"wp-page\" data-elementor-id=\"898\" class=\"elementor elementor-898\">\n\t\t\t\t\t\t<section class=\"elementor-section elementor-top-section elementor-element elementor-element-9672d11 elementor-section-boxed elementor-section-height-default elementor-section-height-default\" data-id=\"9672d11\" data-element_type=\"section\" data-settings=\"{&quot;background_background&quot;:&quot;classic&quot;}\">\n\t\t\t\t\t\t\t<div class=\"elementor-background-overlay\"><\/div>\n\t\t\t\t\t\t\t<div class=\"elementor-container elementor-column-gap-default\">\n\t\t\t\t\t<div class=\"elementor-column elementor-col-100 elementor-top-column elementor-element elementor-element-155b08cf\" data-id=\"155b08cf\" data-element_type=\"column\">\n\t\t\t<div class=\"elementor-widget-wrap elementor-element-populated\">\n\t\t\t\t\t\t<section class=\"elementor-section elementor-inner-section elementor-element elementor-element-29fa39ca elementor-section-boxed elementor-section-height-default elementor-section-height-default\" data-id=\"29fa39ca\" data-element_type=\"section\">\n\t\t\t\t\t\t<div class=\"elementor-container elementor-column-gap-default\">\n\t\t\t\t\t<div class=\"elementor-column elementor-col-100 elementor-inner-column elementor-element elementor-element-768da657\" data-id=\"768da657\" data-element_type=\"column\">\n\t\t\t<div class=\"elementor-widget-wrap elementor-element-populated\">\n\t\t\t\t\t\t<div class=\"elementor-element elementor-element-26b3784 elementor-icon-list--layout-inline elementor-align-center elementor-list-item-link-full_width elementor-widget elementor-widget-icon-list\" data-id=\"26b3784\" data-element_type=\"widget\" data-widget_type=\"icon-list.default\">\n\t\t\t\t<div class=\"elementor-widget-container\">\n\t\t\t\t\t\t\t<ul class=\"elementor-icon-list-items elementor-inline-items\">\n\t\t\t\t\t\t\t<li class=\"elementor-icon-list-item elementor-inline-item\">\n\t\t\t\t\t\t\t\t\t\t<span class=\"elementor-icon-list-text\"><\/span>\n\t\t\t\t\t\t\t\t\t<\/li>\n\t\t\t\t\t\t<\/ul>\n\t\t\t\t\t\t<\/div>\n\t\t\t\t<\/div>\n\t\t\t\t<div class=\"elementor-element elementor-element-5471d44 elementor-icon-list--layout-inline elementor-align-center elementor-list-item-link-full_width elementor-widget elementor-widget-icon-list\" data-id=\"5471d44\" data-element_type=\"widget\" data-widget_type=\"icon-list.default\">\n\t\t\t\t<div class=\"elementor-widget-container\">\n\t\t\t\t\t\t\t<ul class=\"elementor-icon-list-items elementor-inline-items\">\n\t\t\t\t\t\t\t<li class=\"elementor-icon-list-item elementor-inline-item\">\n\t\t\t\t\t\t\t\t\t\t\t<a href=\"https:\/\/marinistanbul.com\/?page_id=913&#038;lang=tr\">\n\n\t\t\t\t\t\t\t\t\t\t\t<span class=\"elementor-icon-list-text\">Anasayfa<\/span>\n\t\t\t\t\t\t\t\t\t\t\t<\/a>\n\t\t\t\t\t\t\t\t\t<\/li>\n\t\t\t\t\t\t\t\t<li class=\"elementor-icon-list-item elementor-inline-item\">\n\t\t\t\t\t\t\t\t\t\t\t<span class=\"elementor-icon-list-icon\">\n\t\t\t\t\t\t\t<svg aria-hidden=\"true\" class=\"e-font-icon-svg e-fas-chevron-circle-right\" viewBox=\"0 0 512 512\" xmlns=\"http:\/\/www.w3.org\/2000\/svg\"><path d=\"M256 8c137 0 248 111 248 248S393 504 256 504 8 393 8 256 119 8 256 8zm113.9 231L234.4 103.5c-9.4-9.4-24.6-9.4-33.9 0l-17 17c-9.4 9.4-9.4 24.6 0 33.9L285.1 256 183.5 357.6c-9.4 9.4-9.4 24.6 0 33.9l17 17c9.4 9.4 24.6 9.4 33.9 0L369.9 273c9.4-9.4 9.4-24.6 0-34z\"><\/path><\/svg>\t\t\t\t\t\t<\/span>\n\t\t\t\t\t\t\t\t\t\t<span class=\"elementor-icon-list-text\">SKV Group<\/span>\n\t\t\t\t\t\t\t\t\t<\/li>\n\t\t\t\t\t\t<\/ul>\n\t\t\t\t\t\t<\/div>\n\t\t\t\t<\/div>\n\t\t\t\t\t<\/div>\n\t\t<\/div>\n\t\t\t\t\t<\/div>\n\t\t<\/section>\n\t\t\t\t\t<\/div>\n\t\t<\/div>\n\t\t\t\t\t<\/div>\n\t\t<\/section>\n\t\t\t\t<section class=\"elementor-section elementor-top-section elementor-element elementor-element-471ce16d elementor-section-boxed elementor-section-height-default elementor-section-height-default\" data-id=\"471ce16d\" data-element_type=\"section\">\n\t\t\t\t\t\t<div class=\"elementor-container elementor-column-gap-default\">\n\t\t\t\t\t<div class=\"elementor-column elementor-col-100 elementor-top-column elementor-element elementor-element-6bc8bb5\" data-id=\"6bc8bb5\" data-element_type=\"column\">\n\t\t\t<div class=\"elementor-widget-wrap elementor-element-populated\">\n\t\t\t\t\t\t<section class=\"elementor-section elementor-inner-section elementor-element elementor-element-61b37418 elementor-section-boxed elementor-section-height-default elementor-section-height-default\" data-id=\"61b37418\" data-element_type=\"section\">\n\t\t\t\t\t\t<div class=\"elementor-container elementor-column-gap-default\">\n\t\t\t\t\t<div class=\"elementor-column elementor-col-100 elementor-inner-column elementor-element elementor-element-1ea797c3 elementor-invisible\" data-id=\"1ea797c3\" data-element_type=\"column\" data-settings=\"{&quot;animation&quot;:&quot;fadeInUp&quot;}\">\n\t\t\t<div class=\"elementor-widget-wrap elementor-element-populated\">\n\t\t\t\t\t\t<div class=\"elementor-element elementor-element-a8860de elementor-widget elementor-widget-image\" data-id=\"a8860de\" data-element_type=\"widget\" data-widget_type=\"image.default\">\n\t\t\t\t<div class=\"elementor-widget-container\">\n\t\t\t\t\t\t\t\t\t\t\t\t\t\t\t<img fetchpriority=\"high\" decoding=\"async\" width=\"300\" height=\"230\" src=\"https:\/\/marinistanbul.com\/wp-content\/uploads\/2025\/05\/SKV-Logo_original-300x230.png\" class=\"attachment-medium size-medium wp-image-707\" alt=\"\" srcset=\"https:\/\/marinistanbul.com\/wp-content\/uploads\/2025\/05\/SKV-Logo_original-300x230.png 300w, https:\/\/marinistanbul.com\/wp-content\/uploads\/2025\/05\/SKV-Logo_original-1024x784.png 1024w, https:\/\/marinistanbul.com\/wp-content\/uploads\/2025\/05\/SKV-Logo_original-768x588.png 768w, https:\/\/marinistanbul.com\/wp-content\/uploads\/2025\/05\/SKV-Logo_original-1536x1176.png 1536w, https:\/\/marinistanbul.com\/wp-content\/uploads\/2025\/05\/SKV-Logo_original-2048x1568.png 2048w\" sizes=\"(max-width: 300px) 100vw, 300px\" \/>\t\t\t\t\t\t\t\t\t\t\t\t\t\t\t<\/div>\n\t\t\t\t<\/div>\n\t\t\t\t<div class=\"elementor-element elementor-element-7ca10e19 elementor-widget elementor-widget-text-editor\" data-id=\"7ca10e19\" data-element_type=\"widget\" data-widget_type=\"text-editor.default\">\n\t\t\t\t<div class=\"elementor-widget-container\">\n\t\t\t\t\t\t\t\t\t<div id=\"comp-kmavrsxw1\" class=\"HcOXKn c9GqVL QxJLC3 lq2cno YQcXTT comp-kmavrsxw1 wixui-rich-text\" data-testid=\"richTextElement\"><p class=\"font_7\">SKV Group, denizcilik sekt\u00f6r\u00fc i\u00e7in d\u00fcnyan\u0131n \u00f6nde gelen yedek par\u00e7a tedarik\u00e7ilerinden biridir. Firman\u0131n amac\u0131 teknik ve pratik olarak sorunlar\u0131 \u00e7\u00f6zmek; geminiz nerede olursa olsun makinelerinizin 7\/24 \u00e7al\u0131lmas\u0131n\u0131 sa\u011flamakt\u0131r. Sekt\u00f6rdeki 150 y\u0131ll\u0131k tecr\u00fcbeleri, \u00fcreticilerle yap\u0131lan anla\u015fmalar\u0131n yan\u0131 s\u0131ra sahip olduklar\u0131 bilgi, yetkinlik ve deneyim; bu hedefi ger\u00e7ekle\u015ftirmelerini peki\u015ftirmi\u015ftir. SKV Group taraf\u0131ndan sunulan yedek par\u00e7a makine modelleri \u015fu \u015fekildedir:\u00a0<\/p><p class=\"font_7\">2 STROKE Engines:<\/p><p class=\"font_7\"><strong>\u00a0&#8211; S50MC-C, S60MC-C, S70MC-C, S50MC, S60MC, S70MC, S80MC\/-E<\/strong><\/p><p class=\"font_7\"><strong>\u00a0&#8211; L50MC, L60MC, L70MC, L70MC-C, L80MC\/-E<\/strong><\/p><p class=\"font_7\"><strong>\u00a0&#8211; L67GA, L67GF\/GFC\/GFCA+ GB<\/strong><\/p><p class=\"font_7\"><strong>\u00a0&#8211; L80GF\/GFC\/GFCA + GB<\/strong><\/p><p class=\"font_7\"><strong>\u00a0&#8211; K67GF\/GFC\/GFCA + GB<\/strong><\/p><p class=\"font_7\"><strong>\u00a0&#8211; K80GF\/GFC\/GFCA<\/strong><\/p><p>\u00a0<\/p><p class=\"font_7\">4 STROKE Engines:<\/p><p class=\"font_7\"><strong>\u00a0&#8211; 400-24 &amp; 400-26<\/strong><\/p><p class=\"font_7\"><strong>\u00a0&#8211; Series 23<\/strong><\/p><p class=\"font_7\"><strong>\u00a0&#8211; Series 23\/30A and H<\/strong><\/p><p class=\"font_7\"><strong>\u00a0&#8211; Series 28<\/strong><\/p><p class=\"font_7\"><strong>\u00a0&#8211; Series 28\/32A and H<\/strong><\/p><p class=\"font_7\"><strong>\u00a0&#8211; Series 27\/38<\/strong><\/p><p class=\"font_7\">\u200b<\/p><p class=\"font_7\">2 STROKE Spares for Engines Type SULZER:\u00a0<\/p><p class=\"font_7\"><strong>\u00a0&#8211; RTA58, 62, 76<\/strong><\/p><p class=\"font_7\"><strong>\u00a0&#8211; RLA\/B 56, 66, 76, 90<\/strong><\/p><p class=\"font_7\">\u200b<\/p><p class=\"font_7\"><a>https:\/\/www.skvgroup.es\/en\/<\/a><\/p><\/div>\t\t\t\t\t\t\t\t<\/div>\n\t\t\t\t<\/div>\n\t\t\t\t<div class=\"elementor-element elementor-element-723065a9 elementor-widget__width-initial elementor-widget-divider--view-line elementor-widget elementor-widget-divider\" data-id=\"723065a9\" data-element_type=\"widget\" data-widget_type=\"divider.default\">\n\t\t\t\t<div class=\"elementor-widget-container\">\n\t\t\t\t\t\t\t<div class=\"elementor-divider\">\n\t\t\t<span class=\"elementor-divider-separator\">\n\t\t\t\t\t\t<\/span>\n\t\t<\/div>\n\t\t\t\t\t\t<\/div>\n\t\t\t\t<\/div>\n\t\t\t\t\t<\/div>\n\t\t<\/div>\n\t\t\t\t\t<\/div>\n\t\t<\/section>\n\t\t\t\t\t<\/div>\n\t\t<\/div>\n\t\t\t\t\t<\/div>\n\t\t<\/section>\n\t\t\t\t<\/div>\n\t\t","protected":false},"excerpt":{"rendered":"<p>Anasayfa SKV Group SKV Group, denizcilik sekt\u00f6r\u00fc i\u00e7in d\u00fcnyan\u0131n \u00f6nde gelen yedek par\u00e7a tedarik\u00e7ilerinden biridir. Firman\u0131n amac\u0131 teknik ve pratik olarak sorunlar\u0131 \u00e7\u00f6zmek; geminiz nerede olursa olsun makinelerinizin 7\/24 \u00e7al\u0131lmas\u0131n\u0131 sa\u011flamakt\u0131r. Sekt\u00f6rdeki 150 y\u0131ll\u0131k tecr\u00fcbeleri, \u00fcreticilerle yap\u0131lan anla\u015fmalar\u0131n yan\u0131 s\u0131ra sahip olduklar\u0131 bilgi, yetkinlik ve deneyim; bu hedefi ger\u00e7ekle\u015ftirmelerini peki\u015ftirmi\u015ftir. SKV Group taraf\u0131ndan sunulan yedek [&hellip;]<\/p>\n","protected":false},"author":1,"featured_media":0,"parent":0,"menu_order":0,"comment_status":"closed","ping_status":"closed","template":"elementor_header_footer","meta":{"footnotes":""},"class_list":["post-898","page","type-page","status-publish","hentry"],"_links":{"self":[{"href":"https:\/\/marinistanbul.com\/index.php?rest_route=\/wp\/v2\/pages\/898","targetHints":{"allow":["GET"]}}],"collection":[{"href":"https:\/\/marinistanbul.com\/index.php?rest_route=\/wp\/v2\/pages"}],"about":[{"href":"https:\/\/marinistanbul.com\/index.php?rest_route=\/wp\/v2\/types\/page"}],"author":[{"embeddable":true,"href":"https:\/\/marinistanbul.com\/index.php?rest_route=\/wp\/v2\/users\/1"}],"replies":[{"embeddable":true,"href":"https:\/\/marinistanbul.com\/index.php?rest_route=%2Fwp%2Fv2%2Fcomments&post=898"}],"version-history":[{"count":10,"href":"https:\/\/marinistanbul.com\/index.php?rest_route=\/wp\/v2\/pages\/898\/revisions"}],"predecessor-version":[{"id":1212,"href":"https:\/\/marinistanbul.com\/index.php?rest_route=\/wp\/v2\/pages\/898\/revisions\/1212"}],"wp:attachment":[{"href":"https:\/\/marinistanbul.com\/index.php?rest_route=%2Fwp%2Fv2%2Fmedia&parent=898"}],"curies":[{"name":"wp","href":"https:\/\/api.w.org\/{rel}","templated":true}]}}