{"id":888,"date":"2025-06-03T17:42:45","date_gmt":"2025-06-03T14:42:45","guid":{"rendered":"https:\/\/marinistanbul.com\/?page_id=888"},"modified":"2025-06-12T14:54:38","modified_gmt":"2025-06-12T11:54:38","slug":"heila-tr","status":"publish","type":"page","link":"https:\/\/marinistanbul.com\/?page_id=888&lang=tr","title":{"rendered":"Heila-tr"},"content":{"rendered":"\t\t<div data-elementor-type=\"wp-page\" data-elementor-id=\"888\" class=\"elementor elementor-888\">\n\t\t\t\t\t\t<section class=\"elementor-section elementor-top-section elementor-element elementor-element-48a56ffd elementor-section-boxed elementor-section-height-default elementor-section-height-default\" data-id=\"48a56ffd\" data-element_type=\"section\" data-settings=\"{&quot;background_background&quot;:&quot;classic&quot;}\">\n\t\t\t\t\t\t\t<div class=\"elementor-background-overlay\"><\/div>\n\t\t\t\t\t\t\t<div class=\"elementor-container elementor-column-gap-default\">\n\t\t\t\t\t<div class=\"elementor-column elementor-col-100 elementor-top-column elementor-element elementor-element-9daa77b\" data-id=\"9daa77b\" data-element_type=\"column\">\n\t\t\t<div class=\"elementor-widget-wrap elementor-element-populated\">\n\t\t\t\t\t\t<section class=\"elementor-section elementor-inner-section elementor-element elementor-element-37f0ec9f elementor-section-boxed elementor-section-height-default elementor-section-height-default\" data-id=\"37f0ec9f\" data-element_type=\"section\">\n\t\t\t\t\t\t<div class=\"elementor-container elementor-column-gap-default\">\n\t\t\t\t\t<div class=\"elementor-column elementor-col-100 elementor-inner-column elementor-element elementor-element-4f210e95\" data-id=\"4f210e95\" data-element_type=\"column\">\n\t\t\t<div class=\"elementor-widget-wrap elementor-element-populated\">\n\t\t\t\t\t\t<div class=\"elementor-element elementor-element-6231669b elementor-icon-list--layout-inline elementor-align-center elementor-list-item-link-full_width elementor-widget elementor-widget-icon-list\" data-id=\"6231669b\" data-element_type=\"widget\" data-widget_type=\"icon-list.default\">\n\t\t\t\t<div class=\"elementor-widget-container\">\n\t\t\t\t\t\t\t<ul class=\"elementor-icon-list-items elementor-inline-items\">\n\t\t\t\t\t\t\t<li class=\"elementor-icon-list-item elementor-inline-item\">\n\t\t\t\t\t\t\t\t\t\t<span class=\"elementor-icon-list-text\"><\/span>\n\t\t\t\t\t\t\t\t\t<\/li>\n\t\t\t\t\t\t<\/ul>\n\t\t\t\t\t\t<\/div>\n\t\t\t\t<\/div>\n\t\t\t\t<div class=\"elementor-element elementor-element-73c46ee elementor-icon-list--layout-inline elementor-align-center elementor-list-item-link-full_width elementor-widget elementor-widget-icon-list\" data-id=\"73c46ee\" data-element_type=\"widget\" data-widget_type=\"icon-list.default\">\n\t\t\t\t<div class=\"elementor-widget-container\">\n\t\t\t\t\t\t\t<ul class=\"elementor-icon-list-items elementor-inline-items\">\n\t\t\t\t\t\t\t<li class=\"elementor-icon-list-item elementor-inline-item\">\n\t\t\t\t\t\t\t\t\t\t\t<a href=\"https:\/\/marinistanbul.com\/?page_id=913&#038;lang=tr\">\n\n\t\t\t\t\t\t\t\t\t\t\t<span class=\"elementor-icon-list-text\">Anasayfa<\/span>\n\t\t\t\t\t\t\t\t\t\t\t<\/a>\n\t\t\t\t\t\t\t\t\t<\/li>\n\t\t\t\t\t\t\t\t<li class=\"elementor-icon-list-item elementor-inline-item\">\n\t\t\t\t\t\t\t\t\t\t\t<span class=\"elementor-icon-list-icon\">\n\t\t\t\t\t\t\t<svg aria-hidden=\"true\" class=\"e-font-icon-svg e-fas-chevron-circle-right\" viewBox=\"0 0 512 512\" xmlns=\"http:\/\/www.w3.org\/2000\/svg\"><path d=\"M256 8c137 0 248 111 248 248S393 504 256 504 8 393 8 256 119 8 256 8zm113.9 231L234.4 103.5c-9.4-9.4-24.6-9.4-33.9 0l-17 17c-9.4 9.4-9.4 24.6 0 33.9L285.1 256 183.5 357.6c-9.4 9.4-9.4 24.6 0 33.9l17 17c9.4 9.4 24.6 9.4 33.9 0L369.9 273c9.4-9.4 9.4-24.6 0-34z\"><\/path><\/svg>\t\t\t\t\t\t<\/span>\n\t\t\t\t\t\t\t\t\t\t<span class=\"elementor-icon-list-text\">Heila Cranes<\/span>\n\t\t\t\t\t\t\t\t\t<\/li>\n\t\t\t\t\t\t<\/ul>\n\t\t\t\t\t\t<\/div>\n\t\t\t\t<\/div>\n\t\t\t\t\t<\/div>\n\t\t<\/div>\n\t\t\t\t\t<\/div>\n\t\t<\/section>\n\t\t\t\t\t<\/div>\n\t\t<\/div>\n\t\t\t\t\t<\/div>\n\t\t<\/section>\n\t\t\t\t<section class=\"elementor-section elementor-top-section elementor-element elementor-element-2891c81d elementor-section-boxed elementor-section-height-default elementor-section-height-default\" data-id=\"2891c81d\" data-element_type=\"section\">\n\t\t\t\t\t\t<div class=\"elementor-container elementor-column-gap-default\">\n\t\t\t\t\t<div class=\"elementor-column elementor-col-100 elementor-top-column elementor-element elementor-element-6be6c628\" data-id=\"6be6c628\" data-element_type=\"column\">\n\t\t\t<div class=\"elementor-widget-wrap elementor-element-populated\">\n\t\t\t\t\t\t<section class=\"elementor-section elementor-inner-section elementor-element elementor-element-a505f99 elementor-section-boxed elementor-section-height-default elementor-section-height-default\" data-id=\"a505f99\" data-element_type=\"section\">\n\t\t\t\t\t\t<div class=\"elementor-container elementor-column-gap-default\">\n\t\t\t\t\t<div class=\"elementor-column elementor-col-100 elementor-inner-column elementor-element elementor-element-fe92fb3 elementor-invisible\" data-id=\"fe92fb3\" data-element_type=\"column\" data-settings=\"{&quot;animation&quot;:&quot;fadeInUp&quot;}\">\n\t\t\t<div class=\"elementor-widget-wrap elementor-element-populated\">\n\t\t\t\t\t\t<div class=\"elementor-element elementor-element-77f4866 elementor-widget elementor-widget-image\" data-id=\"77f4866\" data-element_type=\"widget\" data-widget_type=\"image.default\">\n\t\t\t\t<div class=\"elementor-widget-container\">\n\t\t\t\t\t\t\t\t\t\t\t\t\t\t\t<img decoding=\"async\" width=\"300\" height=\"102\" src=\"https:\/\/marinistanbul.com\/wp-content\/uploads\/2025\/05\/HEILA-logo-monocolor-@4x-300x102.png\" class=\"attachment-medium size-medium wp-image-712\" alt=\"\" srcset=\"https:\/\/marinistanbul.com\/wp-content\/uploads\/2025\/05\/HEILA-logo-monocolor-@4x-300x102.png 300w, https:\/\/marinistanbul.com\/wp-content\/uploads\/2025\/05\/HEILA-logo-monocolor-@4x-1024x346.png 1024w, https:\/\/marinistanbul.com\/wp-content\/uploads\/2025\/05\/HEILA-logo-monocolor-@4x-768x260.png 768w, https:\/\/marinistanbul.com\/wp-content\/uploads\/2025\/05\/HEILA-logo-monocolor-@4x-1536x520.png 1536w, https:\/\/marinistanbul.com\/wp-content\/uploads\/2025\/05\/HEILA-logo-monocolor-@4x-2048x693.png 2048w\" sizes=\"(max-width: 300px) 100vw, 300px\" \/>\t\t\t\t\t\t\t\t\t\t\t\t\t\t\t<\/div>\n\t\t\t\t<\/div>\n\t\t\t\t<div class=\"elementor-element elementor-element-2bd9909e elementor-widget__width-initial elementor-widget elementor-widget-text-editor\" data-id=\"2bd9909e\" data-element_type=\"widget\" data-widget_type=\"text-editor.default\">\n\t\t\t\t<div class=\"elementor-widget-container\">\n\t\t\t\t\t\t\t\t\t<div id=\"comp-kmat4nv92\" class=\"HcOXKn c9GqVL QxJLC3 lq2cno YQcXTT comp-kmat4nv92 wixui-rich-text\" data-testid=\"richTextElement\"><p class=\"font_7\">Heila Cranes, 40 y\u0131l\u0131 a\u015fk\u0131n s\u00fcredir denizcilik ve offshore sekt\u00f6rleri i\u00e7in 5.250&#8217;den fazla vin\u00e7 \u00fcretmi\u015f, 4.500 tm\u2019ye kadar kapasite sunan standart ve \u00f6zel vin\u00e7ler geli\u015ftirmektedir. M\u00fc\u015fteri odakl\u0131 \u00e7al\u0131\u015farak, ihtiya\u00e7lara \u00f6zel \u00e7\u00f6z\u00fcmler sunar. Offshore, r\u00fczgar enerjisi dahil bir\u00e7ok alanlara hizmet sunar ve t\u00fcm vin\u00e7leri uluslararas\u0131 klas kurulu\u015flar\u0131 sertifikal\u0131d\u0131r. Heila, 3 ile 1500 ton-metre kapasite aral\u0131\u011f\u0131nda tamamen katlanabilir ve knuckle teleskopik vin\u00e7lerde uzmanla\u015fm\u0131\u015ft\u0131r.<\/p><p class=\"font_7\">\u200b<\/p><p class=\"font_7\">\u200b<a>https:\/\/www.heila.com\/<\/a><\/p><\/div>\t\t\t\t\t\t\t\t<\/div>\n\t\t\t\t<\/div>\n\t\t\t\t<div class=\"elementor-element elementor-element-6cd22158 elementor-widget__width-initial elementor-widget-divider--view-line elementor-widget elementor-widget-divider\" data-id=\"6cd22158\" data-element_type=\"widget\" data-widget_type=\"divider.default\">\n\t\t\t\t<div class=\"elementor-widget-container\">\n\t\t\t\t\t\t\t<div class=\"elementor-divider\">\n\t\t\t<span class=\"elementor-divider-separator\">\n\t\t\t\t\t\t<\/span>\n\t\t<\/div>\n\t\t\t\t\t\t<\/div>\n\t\t\t\t<\/div>\n\t\t\t\t\t<\/div>\n\t\t<\/div>\n\t\t\t\t\t<\/div>\n\t\t<\/section>\n\t\t\t\t\t<\/div>\n\t\t<\/div>\n\t\t\t\t\t<\/div>\n\t\t<\/section>\n\t\t\t\t<\/div>\n\t\t","protected":false},"excerpt":{"rendered":"<p>Anasayfa Heila Cranes Heila Cranes, 40 y\u0131l\u0131 a\u015fk\u0131n s\u00fcredir denizcilik ve offshore sekt\u00f6rleri i\u00e7in 5.250&#8217;den fazla vin\u00e7 \u00fcretmi\u015f, 4.500 tm\u2019ye kadar kapasite sunan standart ve \u00f6zel vin\u00e7ler geli\u015ftirmektedir. M\u00fc\u015fteri odakl\u0131 \u00e7al\u0131\u015farak, ihtiya\u00e7lara \u00f6zel \u00e7\u00f6z\u00fcmler sunar. Offshore, r\u00fczgar enerjisi dahil bir\u00e7ok alanlara hizmet sunar ve t\u00fcm vin\u00e7leri uluslararas\u0131 klas kurulu\u015flar\u0131 sertifikal\u0131d\u0131r. Heila, 3 ile 1500 ton-metre [&hellip;]<\/p>\n","protected":false},"author":1,"featured_media":0,"parent":0,"menu_order":0,"comment_status":"closed","ping_status":"closed","template":"elementor_header_footer","meta":{"footnotes":""},"class_list":["post-888","page","type-page","status-publish","hentry"],"_links":{"self":[{"href":"https:\/\/marinistanbul.com\/index.php?rest_route=\/wp\/v2\/pages\/888","targetHints":{"allow":["GET"]}}],"collection":[{"href":"https:\/\/marinistanbul.com\/index.php?rest_route=\/wp\/v2\/pages"}],"about":[{"href":"https:\/\/marinistanbul.com\/index.php?rest_route=\/wp\/v2\/types\/page"}],"author":[{"embeddable":true,"href":"https:\/\/marinistanbul.com\/index.php?rest_route=\/wp\/v2\/users\/1"}],"replies":[{"embeddable":true,"href":"https:\/\/marinistanbul.com\/index.php?rest_route=%2Fwp%2Fv2%2Fcomments&post=888"}],"version-history":[{"count":10,"href":"https:\/\/marinistanbul.com\/index.php?rest_route=\/wp\/v2\/pages\/888\/revisions"}],"predecessor-version":[{"id":1216,"href":"https:\/\/marinistanbul.com\/index.php?rest_route=\/wp\/v2\/pages\/888\/revisions\/1216"}],"wp:attachment":[{"href":"https:\/\/marinistanbul.com\/index.php?rest_route=%2Fwp%2Fv2%2Fmedia&parent=888"}],"curies":[{"name":"wp","href":"https:\/\/api.w.org\/{rel}","templated":true}]}}