{"id":876,"date":"2025-06-03T15:09:19","date_gmt":"2025-06-03T12:09:19","guid":{"rendered":"https:\/\/marinistanbul.com\/?page_id=876"},"modified":"2025-06-10T19:00:16","modified_gmt":"2025-06-10T16:00:16","slug":"damen","status":"publish","type":"page","link":"https:\/\/marinistanbul.com\/?page_id=876&lang=tr","title":{"rendered":"Damen"},"content":{"rendered":"\t\t<div data-elementor-type=\"wp-page\" data-elementor-id=\"876\" class=\"elementor elementor-876\">\n\t\t\t\t\t\t<section class=\"elementor-section elementor-top-section elementor-element elementor-element-d7aafdf elementor-section-boxed elementor-section-height-default elementor-section-height-default\" data-id=\"d7aafdf\" data-element_type=\"section\" data-settings=\"{&quot;background_background&quot;:&quot;classic&quot;}\">\n\t\t\t\t\t\t\t<div class=\"elementor-background-overlay\"><\/div>\n\t\t\t\t\t\t\t<div class=\"elementor-container elementor-column-gap-default\">\n\t\t\t\t\t<div class=\"elementor-column elementor-col-100 elementor-top-column elementor-element elementor-element-3e1ec3ee\" data-id=\"3e1ec3ee\" data-element_type=\"column\">\n\t\t\t<div class=\"elementor-widget-wrap elementor-element-populated\">\n\t\t\t\t\t\t<section class=\"elementor-section elementor-inner-section elementor-element elementor-element-968a6e5 elementor-section-boxed elementor-section-height-default elementor-section-height-default\" data-id=\"968a6e5\" data-element_type=\"section\">\n\t\t\t\t\t\t<div class=\"elementor-container elementor-column-gap-default\">\n\t\t\t\t\t<div class=\"elementor-column elementor-col-100 elementor-inner-column elementor-element elementor-element-6217f854\" data-id=\"6217f854\" data-element_type=\"column\">\n\t\t\t<div class=\"elementor-widget-wrap elementor-element-populated\">\n\t\t\t\t\t\t<div class=\"elementor-element elementor-element-132dfd8a elementor-icon-list--layout-inline elementor-align-center elementor-list-item-link-full_width elementor-widget elementor-widget-icon-list\" data-id=\"132dfd8a\" data-element_type=\"widget\" data-widget_type=\"icon-list.default\">\n\t\t\t\t<div class=\"elementor-widget-container\">\n\t\t\t\t\t\t\t<ul class=\"elementor-icon-list-items elementor-inline-items\">\n\t\t\t\t\t\t\t<li class=\"elementor-icon-list-item elementor-inline-item\">\n\t\t\t\t\t\t\t\t\t\t<span class=\"elementor-icon-list-text\"><\/span>\n\t\t\t\t\t\t\t\t\t<\/li>\n\t\t\t\t\t\t<\/ul>\n\t\t\t\t\t\t<\/div>\n\t\t\t\t<\/div>\n\t\t\t\t<div class=\"elementor-element elementor-element-7a2dfcc elementor-icon-list--layout-inline elementor-align-center elementor-list-item-link-full_width elementor-widget elementor-widget-icon-list\" data-id=\"7a2dfcc\" data-element_type=\"widget\" data-widget_type=\"icon-list.default\">\n\t\t\t\t<div class=\"elementor-widget-container\">\n\t\t\t\t\t\t\t<ul class=\"elementor-icon-list-items elementor-inline-items\">\n\t\t\t\t\t\t\t<li class=\"elementor-icon-list-item elementor-inline-item\">\n\t\t\t\t\t\t\t\t\t\t\t<a href=\"https:\/\/marinistanbul.com\/?page_id=913&#038;lang=tr\">\n\n\t\t\t\t\t\t\t\t\t\t\t<span class=\"elementor-icon-list-text\">Anasayfa<\/span>\n\t\t\t\t\t\t\t\t\t\t\t<\/a>\n\t\t\t\t\t\t\t\t\t<\/li>\n\t\t\t\t\t\t\t\t<li class=\"elementor-icon-list-item elementor-inline-item\">\n\t\t\t\t\t\t\t\t\t\t\t<span class=\"elementor-icon-list-icon\">\n\t\t\t\t\t\t\t<svg aria-hidden=\"true\" class=\"e-font-icon-svg e-fas-chevron-circle-right\" viewBox=\"0 0 512 512\" xmlns=\"http:\/\/www.w3.org\/2000\/svg\"><path d=\"M256 8c137 0 248 111 248 248S393 504 256 504 8 393 8 256 119 8 256 8zm113.9 231L234.4 103.5c-9.4-9.4-24.6-9.4-33.9 0l-17 17c-9.4 9.4-9.4 24.6 0 33.9L285.1 256 183.5 357.6c-9.4 9.4-9.4 24.6 0 33.9l17 17c9.4 9.4 24.6 9.4 33.9 0L369.9 273c9.4-9.4 9.4-24.6 0-34z\"><\/path><\/svg>\t\t\t\t\t\t<\/span>\n\t\t\t\t\t\t\t\t\t\t<span class=\"elementor-icon-list-text\">Damen Marine Components<\/span>\n\t\t\t\t\t\t\t\t\t<\/li>\n\t\t\t\t\t\t<\/ul>\n\t\t\t\t\t\t<\/div>\n\t\t\t\t<\/div>\n\t\t\t\t\t<\/div>\n\t\t<\/div>\n\t\t\t\t\t<\/div>\n\t\t<\/section>\n\t\t\t\t\t<\/div>\n\t\t<\/div>\n\t\t\t\t\t<\/div>\n\t\t<\/section>\n\t\t\t\t<section class=\"elementor-section elementor-top-section elementor-element elementor-element-65025ae4 elementor-section-boxed elementor-section-height-default elementor-section-height-default\" data-id=\"65025ae4\" data-element_type=\"section\">\n\t\t\t\t\t\t<div class=\"elementor-container elementor-column-gap-default\">\n\t\t\t\t\t<div class=\"elementor-column elementor-col-100 elementor-top-column elementor-element elementor-element-7a59932f\" data-id=\"7a59932f\" data-element_type=\"column\">\n\t\t\t<div class=\"elementor-widget-wrap elementor-element-populated\">\n\t\t\t\t\t\t<section class=\"elementor-section elementor-inner-section elementor-element elementor-element-1edc787a elementor-section-boxed elementor-section-height-default elementor-section-height-default\" data-id=\"1edc787a\" data-element_type=\"section\">\n\t\t\t\t\t\t<div class=\"elementor-container elementor-column-gap-default\">\n\t\t\t\t\t<div class=\"elementor-column elementor-col-100 elementor-inner-column elementor-element elementor-element-722511e1 elementor-invisible\" data-id=\"722511e1\" data-element_type=\"column\" data-settings=\"{&quot;animation&quot;:&quot;fadeInUp&quot;}\">\n\t\t\t<div class=\"elementor-widget-wrap elementor-element-populated\">\n\t\t\t\t\t\t<div class=\"elementor-element elementor-element-7e877b6 elementor-widget elementor-widget-image\" data-id=\"7e877b6\" data-element_type=\"widget\" data-widget_type=\"image.default\">\n\t\t\t\t<div class=\"elementor-widget-container\">\n\t\t\t\t\t\t\t\t\t\t\t\t\t\t\t<img decoding=\"async\" width=\"300\" height=\"95\" src=\"https:\/\/marinistanbul.com\/wp-content\/uploads\/2025\/05\/DMC-Logo-x13-center-300x95.png\" class=\"attachment-medium size-medium wp-image-711\" alt=\"\" srcset=\"https:\/\/marinistanbul.com\/wp-content\/uploads\/2025\/05\/DMC-Logo-x13-center-300x95.png 300w, https:\/\/marinistanbul.com\/wp-content\/uploads\/2025\/05\/DMC-Logo-x13-center-1024x324.png 1024w, https:\/\/marinistanbul.com\/wp-content\/uploads\/2025\/05\/DMC-Logo-x13-center-768x243.png 768w, https:\/\/marinistanbul.com\/wp-content\/uploads\/2025\/05\/DMC-Logo-x13-center-1536x486.png 1536w, https:\/\/marinistanbul.com\/wp-content\/uploads\/2025\/05\/DMC-Logo-x13-center-2048x649.png 2048w\" sizes=\"(max-width: 300px) 100vw, 300px\" \/>\t\t\t\t\t\t\t\t\t\t\t\t\t\t\t<\/div>\n\t\t\t\t<\/div>\n\t\t\t\t<div class=\"elementor-element elementor-element-33356252 elementor-widget elementor-widget-text-editor\" data-id=\"33356252\" data-element_type=\"widget\" data-widget_type=\"text-editor.default\">\n\t\t\t\t<div class=\"elementor-widget-container\">\n\t\t\t\t\t\t\t\t\t<div id=\"comp-ih25ru0t\" class=\"HcOXKn c9GqVL QxJLC3 lq2cno YQcXTT comp-ih25ru0t wixui-rich-text\" data-testid=\"richTextElement\"><p class=\"font_7\">Damen Marine Components (DMC), her t\u00fcrl\u00fc denizcilik faaliyetinde bulunan gemilerin sevki, manevra ve performans\u0131 i\u00e7in hayati \u00f6neme sahip premium sistem tasarlar ve \u00fcretir. Bunlar aras\u0131nda derin deniz, a\u00e7\u0131k deniz, uzak yol, off-shore ve i\u00e7 sularda ticaret yapan deniz ara\u00e7lar\u0131 ve s\u00fcper yatlar bulunur. Ba\u015fl\u0131ca \u00fcr\u00fcnleri nozullar, vin\u00e7ler, kontroller ve d\u00fcmen ve d\u00fcmen sistemleridir.\u00a0<\/p><p class=\"font_7\"><a>https:\/\/www.damenmc.com\/<\/a><\/p><p class=\"font_7 wixui-rich-text__text\"><span class=\"wixui-rich-text__text\">Damen Marine Components (DMC) designs and manufactures a range of premium systems that are vital for your vessel\u2019s performance, no matter in which market you\u2019re active: short sea, fishery, dredging, defence &amp; security, inland navigation or yachting. Their primary products are nozzles, winches, controls, and steering and rudder systems.<\/span><\/p><p class=\"font_7 wixui-rich-text__text\"><span class=\"wixui-rich-text__text\"><a class=\"wixui-rich-text__text\" href=\"https:\/\/www.damenmc.com\/\" target=\"_blank\" rel=\"noreferrer noopener\">https:\/\/www.damenmc.com\/<\/a><\/span><\/p><\/div><div class=\"notranslate\" style=\"all: initial;\">\u00a0<\/div>\t\t\t\t\t\t\t\t<\/div>\n\t\t\t\t<\/div>\n\t\t\t\t<div class=\"elementor-element elementor-element-22d01554 elementor-widget__width-initial elementor-widget-divider--view-line elementor-widget elementor-widget-divider\" data-id=\"22d01554\" data-element_type=\"widget\" data-widget_type=\"divider.default\">\n\t\t\t\t<div class=\"elementor-widget-container\">\n\t\t\t\t\t\t\t<div class=\"elementor-divider\">\n\t\t\t<span class=\"elementor-divider-separator\">\n\t\t\t\t\t\t<\/span>\n\t\t<\/div>\n\t\t\t\t\t\t<\/div>\n\t\t\t\t<\/div>\n\t\t\t\t\t<\/div>\n\t\t<\/div>\n\t\t\t\t\t<\/div>\n\t\t<\/section>\n\t\t\t\t\t<\/div>\n\t\t<\/div>\n\t\t\t\t\t<\/div>\n\t\t<\/section>\n\t\t\t\t<\/div>\n\t\t","protected":false},"excerpt":{"rendered":"<p>Anasayfa Damen Marine Components Damen Marine Components (DMC), her t\u00fcrl\u00fc denizcilik faaliyetinde bulunan gemilerin sevki, manevra ve performans\u0131 i\u00e7in hayati \u00f6neme sahip premium sistem tasarlar ve \u00fcretir. Bunlar aras\u0131nda derin deniz, a\u00e7\u0131k deniz, uzak yol, off-shore ve i\u00e7 sularda ticaret yapan deniz ara\u00e7lar\u0131 ve s\u00fcper yatlar bulunur. Ba\u015fl\u0131ca \u00fcr\u00fcnleri nozullar, vin\u00e7ler, kontroller ve d\u00fcmen ve [&hellip;]<\/p>\n","protected":false},"author":1,"featured_media":0,"parent":0,"menu_order":0,"comment_status":"closed","ping_status":"closed","template":"elementor_header_footer","meta":{"footnotes":""},"class_list":["post-876","page","type-page","status-publish","hentry"],"_links":{"self":[{"href":"https:\/\/marinistanbul.com\/index.php?rest_route=\/wp\/v2\/pages\/876","targetHints":{"allow":["GET"]}}],"collection":[{"href":"https:\/\/marinistanbul.com\/index.php?rest_route=\/wp\/v2\/pages"}],"about":[{"href":"https:\/\/marinistanbul.com\/index.php?rest_route=\/wp\/v2\/types\/page"}],"author":[{"embeddable":true,"href":"https:\/\/marinistanbul.com\/index.php?rest_route=\/wp\/v2\/users\/1"}],"replies":[{"embeddable":true,"href":"https:\/\/marinistanbul.com\/index.php?rest_route=%2Fwp%2Fv2%2Fcomments&post=876"}],"version-history":[{"count":7,"href":"https:\/\/marinistanbul.com\/index.php?rest_route=\/wp\/v2\/pages\/876\/revisions"}],"predecessor-version":[{"id":1143,"href":"https:\/\/marinistanbul.com\/index.php?rest_route=\/wp\/v2\/pages\/876\/revisions\/1143"}],"wp:attachment":[{"href":"https:\/\/marinistanbul.com\/index.php?rest_route=%2Fwp%2Fv2%2Fmedia&parent=876"}],"curies":[{"name":"wp","href":"https:\/\/api.w.org\/{rel}","templated":true}]}}