{"id":871,"date":"2025-06-03T15:07:21","date_gmt":"2025-06-03T12:07:21","guid":{"rendered":"https:\/\/marinistanbul.com\/?page_id=871"},"modified":"2025-06-10T18:57:02","modified_gmt":"2025-06-10T15:57:02","slug":"water-waste","status":"publish","type":"page","link":"https:\/\/marinistanbul.com\/?page_id=871&lang=tr","title":{"rendered":"Water Waste"},"content":{"rendered":"\t\t<div data-elementor-type=\"wp-page\" data-elementor-id=\"871\" class=\"elementor elementor-871\">\n\t\t\t\t\t\t<section class=\"elementor-section elementor-top-section elementor-element elementor-element-346723b4 elementor-section-boxed elementor-section-height-default elementor-section-height-default\" data-id=\"346723b4\" data-element_type=\"section\" data-settings=\"{&quot;background_background&quot;:&quot;classic&quot;}\">\n\t\t\t\t\t\t\t<div class=\"elementor-background-overlay\"><\/div>\n\t\t\t\t\t\t\t<div class=\"elementor-container elementor-column-gap-default\">\n\t\t\t\t\t<div class=\"elementor-column elementor-col-100 elementor-top-column elementor-element elementor-element-3ff98db9\" data-id=\"3ff98db9\" data-element_type=\"column\">\n\t\t\t<div class=\"elementor-widget-wrap elementor-element-populated\">\n\t\t\t\t\t\t<section class=\"elementor-section elementor-inner-section elementor-element elementor-element-10fdb7b elementor-section-boxed elementor-section-height-default elementor-section-height-default\" data-id=\"10fdb7b\" data-element_type=\"section\">\n\t\t\t\t\t\t<div class=\"elementor-container elementor-column-gap-default\">\n\t\t\t\t\t<div class=\"elementor-column elementor-col-100 elementor-inner-column elementor-element elementor-element-b97cb3d\" data-id=\"b97cb3d\" data-element_type=\"column\">\n\t\t\t<div class=\"elementor-widget-wrap elementor-element-populated\">\n\t\t\t\t\t\t<div class=\"elementor-element elementor-element-4906df9 elementor-icon-list--layout-inline elementor-align-center elementor-list-item-link-full_width elementor-widget elementor-widget-icon-list\" data-id=\"4906df9\" data-element_type=\"widget\" data-widget_type=\"icon-list.default\">\n\t\t\t\t<div class=\"elementor-widget-container\">\n\t\t\t\t\t\t\t<ul class=\"elementor-icon-list-items elementor-inline-items\">\n\t\t\t\t\t\t\t<li class=\"elementor-icon-list-item elementor-inline-item\">\n\t\t\t\t\t\t\t\t\t\t<span class=\"elementor-icon-list-text\"><\/span>\n\t\t\t\t\t\t\t\t\t<\/li>\n\t\t\t\t\t\t<\/ul>\n\t\t\t\t\t\t<\/div>\n\t\t\t\t<\/div>\n\t\t\t\t<div class=\"elementor-element elementor-element-f9ceb54 elementor-icon-list--layout-inline elementor-align-center elementor-list-item-link-full_width elementor-widget elementor-widget-icon-list\" data-id=\"f9ceb54\" data-element_type=\"widget\" data-widget_type=\"icon-list.default\">\n\t\t\t\t<div class=\"elementor-widget-container\">\n\t\t\t\t\t\t\t<ul class=\"elementor-icon-list-items elementor-inline-items\">\n\t\t\t\t\t\t\t<li class=\"elementor-icon-list-item elementor-inline-item\">\n\t\t\t\t\t\t\t\t\t\t\t<a href=\"https:\/\/marinistanbul.com\/?page_id=913&#038;lang=tr\">\n\n\t\t\t\t\t\t\t\t\t\t\t<span class=\"elementor-icon-list-text\">Anasayfa<\/span>\n\t\t\t\t\t\t\t\t\t\t\t<\/a>\n\t\t\t\t\t\t\t\t\t<\/li>\n\t\t\t\t\t\t\t\t<li class=\"elementor-icon-list-item elementor-inline-item\">\n\t\t\t\t\t\t\t\t\t\t\t<span class=\"elementor-icon-list-icon\">\n\t\t\t\t\t\t\t<svg aria-hidden=\"true\" class=\"e-font-icon-svg e-fas-chevron-circle-right\" viewBox=\"0 0 512 512\" xmlns=\"http:\/\/www.w3.org\/2000\/svg\"><path d=\"M256 8c137 0 248 111 248 248S393 504 256 504 8 393 8 256 119 8 256 8zm113.9 231L234.4 103.5c-9.4-9.4-24.6-9.4-33.9 0l-17 17c-9.4 9.4-9.4 24.6 0 33.9L285.1 256 183.5 357.6c-9.4 9.4-9.4 24.6 0 33.9l17 17c9.4 9.4 24.6 9.4 33.9 0L369.9 273c9.4-9.4 9.4-24.6 0-34z\"><\/path><\/svg>\t\t\t\t\t\t<\/span>\n\t\t\t\t\t\t\t\t\t\t<span class=\"elementor-icon-list-text\"><span class=\"wixui-rich-text__text\">W\u00e4rtsil\u00e4<\/span> Water &amp; Waste<\/span>\n\t\t\t\t\t\t\t\t\t<\/li>\n\t\t\t\t\t\t<\/ul>\n\t\t\t\t\t\t<\/div>\n\t\t\t\t<\/div>\n\t\t\t\t\t<\/div>\n\t\t<\/div>\n\t\t\t\t\t<\/div>\n\t\t<\/section>\n\t\t\t\t\t<\/div>\n\t\t<\/div>\n\t\t\t\t\t<\/div>\n\t\t<\/section>\n\t\t\t\t<section class=\"elementor-section elementor-top-section elementor-element elementor-element-52173ecc elementor-section-boxed elementor-section-height-default elementor-section-height-default\" data-id=\"52173ecc\" data-element_type=\"section\">\n\t\t\t\t\t\t<div class=\"elementor-container elementor-column-gap-default\">\n\t\t\t\t\t<div class=\"elementor-column elementor-col-100 elementor-top-column elementor-element elementor-element-408dcbb7\" data-id=\"408dcbb7\" data-element_type=\"column\">\n\t\t\t<div class=\"elementor-widget-wrap elementor-element-populated\">\n\t\t\t\t\t\t<section class=\"elementor-section elementor-inner-section elementor-element elementor-element-1e552af7 elementor-section-boxed elementor-section-height-default elementor-section-height-default\" data-id=\"1e552af7\" data-element_type=\"section\">\n\t\t\t\t\t\t<div class=\"elementor-container elementor-column-gap-default\">\n\t\t\t\t\t<div class=\"elementor-column elementor-col-100 elementor-inner-column elementor-element elementor-element-239ee129 elementor-invisible\" data-id=\"239ee129\" data-element_type=\"column\" data-settings=\"{&quot;animation&quot;:&quot;fadeInUp&quot;}\">\n\t\t\t<div class=\"elementor-widget-wrap elementor-element-populated\">\n\t\t\t\t\t\t<div class=\"elementor-element elementor-element-3f677fb elementor-widget elementor-widget-image\" data-id=\"3f677fb\" data-element_type=\"widget\" data-widget_type=\"image.default\">\n\t\t\t\t<div class=\"elementor-widget-container\">\n\t\t\t\t\t\t\t\t\t\t\t\t\t\t\t<img decoding=\"async\" width=\"300\" height=\"136\" src=\"https:\/\/marinistanbul.com\/wp-content\/uploads\/2025\/05\/waterwaste_final-square-scaled-e1747824880145-300x136.png\" class=\"attachment-medium size-medium wp-image-710\" alt=\"\" srcset=\"https:\/\/marinistanbul.com\/wp-content\/uploads\/2025\/05\/waterwaste_final-square-scaled-e1747824880145-300x136.png 300w, https:\/\/marinistanbul.com\/wp-content\/uploads\/2025\/05\/waterwaste_final-square-scaled-e1747824880145-1024x464.png 1024w, https:\/\/marinistanbul.com\/wp-content\/uploads\/2025\/05\/waterwaste_final-square-scaled-e1747824880145-768x348.png 768w, https:\/\/marinistanbul.com\/wp-content\/uploads\/2025\/05\/waterwaste_final-square-scaled-e1747824880145-1536x696.png 1536w, https:\/\/marinistanbul.com\/wp-content\/uploads\/2025\/05\/waterwaste_final-square-scaled-e1747824880145.png 1958w\" sizes=\"(max-width: 300px) 100vw, 300px\" \/>\t\t\t\t\t\t\t\t\t\t\t\t\t\t\t<\/div>\n\t\t\t\t<\/div>\n\t\t\t\t<div class=\"elementor-element elementor-element-24db1f7a elementor-widget elementor-widget-text-editor\" data-id=\"24db1f7a\" data-element_type=\"widget\" data-widget_type=\"text-editor.default\">\n\t\t\t\t<div class=\"elementor-widget-container\">\n\t\t\t\t\t\t\t\t\t<div id=\"comp-li3hmcrk3\" class=\"HcOXKn c9GqVL QxJLC3 lq2cno YQcXTT comp-li3hmcrk3 wixui-rich-text\" data-testid=\"richTextElement\"><p class=\"font_7\">\u200bOcak 2012 itibar\u0131yla Hamworthy, W\u00e4rtsil\u00e4 organizasyonunun bir par\u00e7as\u0131 olmu\u015ftur. W\u00e4rtsil\u00e4 Water &amp; Waste firmas\u0131 ile su ve at\u0131k \u00e7\u00f6z\u00fcmlerinden olu\u015fan eksiksiz bir ya\u015fam d\u00f6ng\u00fcs\u00fc sunmaktad\u0131r. Y\u00fcksek operasyonel verimlili\u011fi, uyumlulu\u011fu ve geli\u015fmi\u015f \u00e7evresel performans\u0131 ile \u00f6ne \u00e7\u0131kan markam\u0131z, denizcilik end\u00fcstrisinde ve artan say\u0131da kara uygulamalar\u0131 \u00e7\u00f6z\u00fcmlerinde kendini kan\u0131tlamaya devam etmektedir.\u00a0<\/p><p class=\"font_7\">\u200bPoole (Birle\u015fik Krall\u0131k) ve Geesthacht&#8217;taki (Almanya) ekipleri ile m\u00fc\u015fterilere yeni in\u015fa projelerinin yan\u0131 s\u0131ra sat\u0131\u015f sonras\u0131 ilgili her t\u00fcrl\u00fc destek konusunda do\u011frudan yard\u0131mc\u0131 olmaktad\u0131r.<\/p><p class=\"font_7\">\u200b\u200b<\/p><p class=\"font_7\">Sunduklar\u0131 ekipmanlar:<\/p><p class=\"font_7\">\u200b- Geleneksel biyolojik at\u0131k su ar\u0131tma tesisleri ve geli\u015fmi\u015f membran biyoreakt\u00f6rler<br \/>&#8211; Balast suyu y\u00f6netim sistemleri<br \/>&#8211; Tatl\u0131 su jenerat\u00f6rleri (ters ozmoz tesisleri ve buharla\u015ft\u0131r\u0131c\u0131lar)<br \/>&#8211; Vakumlu tuvaletler ve vakumlu toplama sistemleri<\/p><p class=\"font_7\">\u200b<\/p><p class=\"font_7\">https:\/\/www.wartsila.com\/waw\/home<\/p><p class=\"font_8\">\u200b<\/p><\/div>\t\t\t\t\t\t\t\t<\/div>\n\t\t\t\t<\/div>\n\t\t\t\t<div class=\"elementor-element elementor-element-7dca0432 elementor-widget__width-initial elementor-widget-divider--view-line elementor-widget elementor-widget-divider\" data-id=\"7dca0432\" data-element_type=\"widget\" data-widget_type=\"divider.default\">\n\t\t\t\t<div class=\"elementor-widget-container\">\n\t\t\t\t\t\t\t<div class=\"elementor-divider\">\n\t\t\t<span class=\"elementor-divider-separator\">\n\t\t\t\t\t\t<\/span>\n\t\t<\/div>\n\t\t\t\t\t\t<\/div>\n\t\t\t\t<\/div>\n\t\t\t\t\t<\/div>\n\t\t<\/div>\n\t\t\t\t\t<\/div>\n\t\t<\/section>\n\t\t\t\t\t<\/div>\n\t\t<\/div>\n\t\t\t\t\t<\/div>\n\t\t<\/section>\n\t\t\t\t<\/div>\n\t\t","protected":false},"excerpt":{"rendered":"<p>Anasayfa W\u00e4rtsil\u00e4 Water &amp; Waste \u200bOcak 2012 itibar\u0131yla Hamworthy, W\u00e4rtsil\u00e4 organizasyonunun bir par\u00e7as\u0131 olmu\u015ftur. W\u00e4rtsil\u00e4 Water &amp; Waste firmas\u0131 ile su ve at\u0131k \u00e7\u00f6z\u00fcmlerinden olu\u015fan eksiksiz bir ya\u015fam d\u00f6ng\u00fcs\u00fc sunmaktad\u0131r. Y\u00fcksek operasyonel verimlili\u011fi, uyumlulu\u011fu ve geli\u015fmi\u015f \u00e7evresel performans\u0131 ile \u00f6ne \u00e7\u0131kan markam\u0131z, denizcilik end\u00fcstrisinde ve artan say\u0131da kara uygulamalar\u0131 \u00e7\u00f6z\u00fcmlerinde kendini kan\u0131tlamaya devam etmektedir.\u00a0 \u200bPoole [&hellip;]<\/p>\n","protected":false},"author":1,"featured_media":0,"parent":0,"menu_order":0,"comment_status":"closed","ping_status":"closed","template":"elementor_header_footer","meta":{"footnotes":""},"class_list":["post-871","page","type-page","status-publish","hentry"],"_links":{"self":[{"href":"https:\/\/marinistanbul.com\/index.php?rest_route=\/wp\/v2\/pages\/871","targetHints":{"allow":["GET"]}}],"collection":[{"href":"https:\/\/marinistanbul.com\/index.php?rest_route=\/wp\/v2\/pages"}],"about":[{"href":"https:\/\/marinistanbul.com\/index.php?rest_route=\/wp\/v2\/types\/page"}],"author":[{"embeddable":true,"href":"https:\/\/marinistanbul.com\/index.php?rest_route=\/wp\/v2\/users\/1"}],"replies":[{"embeddable":true,"href":"https:\/\/marinistanbul.com\/index.php?rest_route=%2Fwp%2Fv2%2Fcomments&post=871"}],"version-history":[{"count":7,"href":"https:\/\/marinistanbul.com\/index.php?rest_route=\/wp\/v2\/pages\/871\/revisions"}],"predecessor-version":[{"id":1132,"href":"https:\/\/marinistanbul.com\/index.php?rest_route=\/wp\/v2\/pages\/871\/revisions\/1132"}],"wp:attachment":[{"href":"https:\/\/marinistanbul.com\/index.php?rest_route=%2Fwp%2Fv2%2Fmedia&parent=871"}],"curies":[{"name":"wp","href":"https:\/\/api.w.org\/{rel}","templated":true}]}}