{"id":866,"date":"2025-06-03T15:05:19","date_gmt":"2025-06-03T12:05:19","guid":{"rendered":"https:\/\/marinistanbul.com\/?page_id=866"},"modified":"2025-06-10T18:55:59","modified_gmt":"2025-06-10T15:55:59","slug":"reich-kaplin","status":"publish","type":"page","link":"https:\/\/marinistanbul.com\/?page_id=866&lang=tr","title":{"rendered":"Reich Kaplin"},"content":{"rendered":"\t\t<div data-elementor-type=\"wp-page\" data-elementor-id=\"866\" class=\"elementor elementor-866\">\n\t\t\t\t\t\t<section class=\"elementor-section elementor-top-section elementor-element elementor-element-7d2dae96 elementor-section-boxed elementor-section-height-default elementor-section-height-default\" data-id=\"7d2dae96\" data-element_type=\"section\" data-settings=\"{&quot;background_background&quot;:&quot;classic&quot;}\">\n\t\t\t\t\t\t\t<div class=\"elementor-background-overlay\"><\/div>\n\t\t\t\t\t\t\t<div class=\"elementor-container elementor-column-gap-default\">\n\t\t\t\t\t<div class=\"elementor-column elementor-col-100 elementor-top-column elementor-element elementor-element-77939350\" data-id=\"77939350\" data-element_type=\"column\">\n\t\t\t<div class=\"elementor-widget-wrap elementor-element-populated\">\n\t\t\t\t\t\t<section class=\"elementor-section elementor-inner-section elementor-element elementor-element-40419f39 elementor-section-boxed elementor-section-height-default elementor-section-height-default\" data-id=\"40419f39\" data-element_type=\"section\">\n\t\t\t\t\t\t<div class=\"elementor-container elementor-column-gap-default\">\n\t\t\t\t\t<div class=\"elementor-column elementor-col-100 elementor-inner-column elementor-element elementor-element-519bf374\" data-id=\"519bf374\" data-element_type=\"column\">\n\t\t\t<div class=\"elementor-widget-wrap elementor-element-populated\">\n\t\t\t\t\t\t<div class=\"elementor-element elementor-element-371f02cc elementor-icon-list--layout-inline elementor-align-center elementor-list-item-link-full_width elementor-widget elementor-widget-icon-list\" data-id=\"371f02cc\" data-element_type=\"widget\" data-widget_type=\"icon-list.default\">\n\t\t\t\t<div class=\"elementor-widget-container\">\n\t\t\t\t\t\t\t<ul class=\"elementor-icon-list-items elementor-inline-items\">\n\t\t\t\t\t\t\t<li class=\"elementor-icon-list-item elementor-inline-item\">\n\t\t\t\t\t\t\t\t\t\t<span class=\"elementor-icon-list-text\"><\/span>\n\t\t\t\t\t\t\t\t\t<\/li>\n\t\t\t\t\t\t<\/ul>\n\t\t\t\t\t\t<\/div>\n\t\t\t\t<\/div>\n\t\t\t\t<div class=\"elementor-element elementor-element-a1fb246 elementor-icon-list--layout-inline elementor-align-center elementor-list-item-link-full_width elementor-widget elementor-widget-icon-list\" data-id=\"a1fb246\" data-element_type=\"widget\" data-widget_type=\"icon-list.default\">\n\t\t\t\t<div class=\"elementor-widget-container\">\n\t\t\t\t\t\t\t<ul class=\"elementor-icon-list-items elementor-inline-items\">\n\t\t\t\t\t\t\t<li class=\"elementor-icon-list-item elementor-inline-item\">\n\t\t\t\t\t\t\t\t\t\t\t<a href=\"https:\/\/marinistanbul.com\/?page_id=913&#038;lang=tr\">\n\n\t\t\t\t\t\t\t\t\t\t\t\t<span class=\"elementor-icon-list-icon\">\n\t\t\t\t\t\t\t<svg aria-hidden=\"true\" class=\"e-font-icon-svg e-fas-chevron-circle-right\" viewBox=\"0 0 512 512\" xmlns=\"http:\/\/www.w3.org\/2000\/svg\"><path d=\"M256 8c137 0 248 111 248 248S393 504 256 504 8 393 8 256 119 8 256 8zm113.9 231L234.4 103.5c-9.4-9.4-24.6-9.4-33.9 0l-17 17c-9.4 9.4-9.4 24.6 0 33.9L285.1 256 183.5 357.6c-9.4 9.4-9.4 24.6 0 33.9l17 17c9.4 9.4 24.6 9.4 33.9 0L369.9 273c9.4-9.4 9.4-24.6 0-34z\"><\/path><\/svg>\t\t\t\t\t\t<\/span>\n\t\t\t\t\t\t\t\t\t\t<span class=\"elementor-icon-list-text\">Anasayfa<\/span>\n\t\t\t\t\t\t\t\t\t\t\t<\/a>\n\t\t\t\t\t\t\t\t\t<\/li>\n\t\t\t\t\t\t\t\t<li class=\"elementor-icon-list-item elementor-inline-item\">\n\t\t\t\t\t\t\t\t\t\t\t<a href=\"https:\/\/marinistanbul.com\/?page_id=866&#038;lang=tr\">\n\n\t\t\t\t\t\t\t\t\t\t\t\t<span class=\"elementor-icon-list-icon\">\n\t\t\t\t\t\t\t<svg aria-hidden=\"true\" class=\"e-font-icon-svg e-fas-check\" viewBox=\"0 0 512 512\" xmlns=\"http:\/\/www.w3.org\/2000\/svg\"><path d=\"M173.898 439.404l-166.4-166.4c-9.997-9.997-9.997-26.206 0-36.204l36.203-36.204c9.997-9.998 26.207-9.998 36.204 0L192 312.69 432.095 72.596c9.997-9.997 26.207-9.997 36.204 0l36.203 36.204c9.997 9.997 9.997 26.206 0 36.204l-294.4 294.401c-9.998 9.997-26.207 9.997-36.204-.001z\"><\/path><\/svg>\t\t\t\t\t\t<\/span>\n\t\t\t\t\t\t\t\t\t\t<span class=\"elementor-icon-list-text\">Reich Couplings<\/span>\n\t\t\t\t\t\t\t\t\t\t\t<\/a>\n\t\t\t\t\t\t\t\t\t<\/li>\n\t\t\t\t\t\t<\/ul>\n\t\t\t\t\t\t<\/div>\n\t\t\t\t<\/div>\n\t\t\t\t\t<\/div>\n\t\t<\/div>\n\t\t\t\t\t<\/div>\n\t\t<\/section>\n\t\t\t\t\t<\/div>\n\t\t<\/div>\n\t\t\t\t\t<\/div>\n\t\t<\/section>\n\t\t\t\t<section class=\"elementor-section elementor-top-section elementor-element elementor-element-1404f400 elementor-section-boxed elementor-section-height-default elementor-section-height-default\" data-id=\"1404f400\" data-element_type=\"section\">\n\t\t\t\t\t\t<div class=\"elementor-container elementor-column-gap-default\">\n\t\t\t\t\t<div class=\"elementor-column elementor-col-100 elementor-top-column elementor-element elementor-element-63306c61\" data-id=\"63306c61\" data-element_type=\"column\">\n\t\t\t<div class=\"elementor-widget-wrap elementor-element-populated\">\n\t\t\t\t\t\t<section class=\"elementor-section elementor-inner-section elementor-element elementor-element-4d2e47d elementor-section-boxed elementor-section-height-default elementor-section-height-default\" data-id=\"4d2e47d\" data-element_type=\"section\">\n\t\t\t\t\t\t<div class=\"elementor-container elementor-column-gap-default\">\n\t\t\t\t\t<div class=\"elementor-column elementor-col-100 elementor-inner-column elementor-element elementor-element-10f07bb5 elementor-invisible\" data-id=\"10f07bb5\" data-element_type=\"column\" data-settings=\"{&quot;animation&quot;:&quot;fadeInUp&quot;}\">\n\t\t\t<div class=\"elementor-widget-wrap elementor-element-populated\">\n\t\t\t\t\t\t<div class=\"elementor-element elementor-element-337a2bb elementor-widget elementor-widget-image\" data-id=\"337a2bb\" data-element_type=\"widget\" data-widget_type=\"image.default\">\n\t\t\t\t<div class=\"elementor-widget-container\">\n\t\t\t\t\t\t\t\t\t\t\t\t\t\t\t<img decoding=\"async\" width=\"300\" height=\"104\" src=\"https:\/\/marinistanbul.com\/wp-content\/uploads\/2025\/05\/REICH-Kupplungen_1mBreit_Logo_Cyan_RGB_RZ20200915-300x104.png\" class=\"attachment-medium size-medium wp-image-705\" alt=\"\" srcset=\"https:\/\/marinistanbul.com\/wp-content\/uploads\/2025\/05\/REICH-Kupplungen_1mBreit_Logo_Cyan_RGB_RZ20200915-300x104.png 300w, https:\/\/marinistanbul.com\/wp-content\/uploads\/2025\/05\/REICH-Kupplungen_1mBreit_Logo_Cyan_RGB_RZ20200915-1024x355.png 1024w, https:\/\/marinistanbul.com\/wp-content\/uploads\/2025\/05\/REICH-Kupplungen_1mBreit_Logo_Cyan_RGB_RZ20200915-768x266.png 768w, https:\/\/marinistanbul.com\/wp-content\/uploads\/2025\/05\/REICH-Kupplungen_1mBreit_Logo_Cyan_RGB_RZ20200915-1536x532.png 1536w, https:\/\/marinistanbul.com\/wp-content\/uploads\/2025\/05\/REICH-Kupplungen_1mBreit_Logo_Cyan_RGB_RZ20200915-2048x710.png 2048w\" sizes=\"(max-width: 300px) 100vw, 300px\" \/>\t\t\t\t\t\t\t\t\t\t\t\t\t\t\t<\/div>\n\t\t\t\t<\/div>\n\t\t\t\t<div class=\"elementor-element elementor-element-515284c5 elementor-widget__width-initial elementor-widget elementor-widget-text-editor\" data-id=\"515284c5\" data-element_type=\"widget\" data-widget_type=\"text-editor.default\">\n\t\t\t\t<div class=\"elementor-widget-container\">\n\t\t\t\t\t\t\t\t\t<p class=\"font_7\">Almanya merkezli REICH firmas\u0131, 1946 y\u0131l\u0131ndan bu yana g\u00fc\u00e7 aktar\u0131m sekt\u00f6r\u00fcnde \u00fcst\u00fcn ba\u015far\u0131lar elde etmi\u015ftir. 75 y\u0131l\u0131 a\u015fk\u0131n s\u00fcredir torsiyonel elastik kaplinler ve g\u00fc\u00e7 aktar\u0131m \u00e7\u00f6z\u00fcmleri sunan REICH Kupplungen, geni\u015f \u00fcr\u00fcn yelpazesiyle dikkat \u00e7ekmektedir. Sundu\u011fu \u00fcz\u00fcnler aras\u0131nda y\u00fcksek esneklik sa\u011flayan kaplinler, torsiyonel esnek kaplinler ve torsiyonel rijit kaplinler bulunmaktad\u0131r.\u00a0<\/p><p class=\"font_7\">\u200b<\/p><p class=\"font_7\">Kaplin Modelleri:<\/p><p class=\"font_7\">\u00a0&#8211; Arcusaflex \/ Arcusaflex-VSK<\/p><p class=\"font_7\">\u00a0&#8211; Elbo<\/p><p class=\"font_7\">\u00a0&#8211; Multi Mont Stella \/ Multi Mont Stella-HighSpeed<\/p><p class=\"font_7\">\u00a0&#8211; TOK Coupling System \/ TOK Docking System\u00a0<\/p><p class=\"font_7\">\u00a0&#8211; iTOK<\/p><p class=\"font_7\">\u00a0&#8211; Reibo<\/p><p class=\"font_7\">\u00a0&#8211; RCT<\/p><p class=\"font_7\">\u00a0&#8211; Flexdur \/ Flexdur &#8211; HighSpeed<\/p><p class=\"font_7\">\u00a0&#8211; Multi Cross Forte \/ Multi Cross Rillo \/ Multi Mont Astra\u200b<\/p><p class=\"font_7\">\u200b\u200b<\/p><p class=\"font_7\">\u200b\u200b<\/p><p class=\"font_7\">Uygulama Alanlar\u0131 :<\/p><p class=\"font_7\">\u00a0&#8211; Power Generation<\/p><p class=\"font_7\">\u00a0&#8211; Mobile Applications<\/p><p class=\"font_7\">\u00a0&#8211; Test Benches<\/p><p class=\"font_7\">\u00a0&#8211; Pumps and Compressors<\/p><p class=\"font_7\">\u00a0&#8211; Marine Applications<\/p><p class=\"font_7\">\u00a0&#8211; Indusrty<\/p><p class=\"font_7\"><a>\u200b\u200b<\/a><\/p><p class=\"font_7\"><a>https:\/\/www.reich-kupplungen.com\/en\/<\/a><\/p>\t\t\t\t\t\t\t\t<\/div>\n\t\t\t\t<\/div>\n\t\t\t\t<div class=\"elementor-element elementor-element-3055af42 elementor-widget__width-initial elementor-widget-divider--view-line elementor-widget elementor-widget-divider\" data-id=\"3055af42\" data-element_type=\"widget\" data-widget_type=\"divider.default\">\n\t\t\t\t<div class=\"elementor-widget-container\">\n\t\t\t\t\t\t\t<div class=\"elementor-divider\">\n\t\t\t<span class=\"elementor-divider-separator\">\n\t\t\t\t\t\t<\/span>\n\t\t<\/div>\n\t\t\t\t\t\t<\/div>\n\t\t\t\t<\/div>\n\t\t\t\t\t<\/div>\n\t\t<\/div>\n\t\t\t\t\t<\/div>\n\t\t<\/section>\n\t\t\t\t\t<\/div>\n\t\t<\/div>\n\t\t\t\t\t<\/div>\n\t\t<\/section>\n\t\t\t\t<\/div>\n\t\t","protected":false},"excerpt":{"rendered":"<p>Anasayfa Reich Couplings Almanya merkezli REICH firmas\u0131, 1946 y\u0131l\u0131ndan bu yana g\u00fc\u00e7 aktar\u0131m sekt\u00f6r\u00fcnde \u00fcst\u00fcn ba\u015far\u0131lar elde etmi\u015ftir. 75 y\u0131l\u0131 a\u015fk\u0131n s\u00fcredir torsiyonel elastik kaplinler ve g\u00fc\u00e7 aktar\u0131m \u00e7\u00f6z\u00fcmleri sunan REICH Kupplungen, geni\u015f \u00fcr\u00fcn yelpazesiyle dikkat \u00e7ekmektedir. Sundu\u011fu \u00fcz\u00fcnler aras\u0131nda y\u00fcksek esneklik sa\u011flayan kaplinler, torsiyonel esnek kaplinler ve torsiyonel rijit kaplinler bulunmaktad\u0131r.\u00a0 \u200b Kaplin Modelleri: [&hellip;]<\/p>\n","protected":false},"author":1,"featured_media":0,"parent":0,"menu_order":0,"comment_status":"closed","ping_status":"closed","template":"elementor_header_footer","meta":{"footnotes":""},"class_list":["post-866","page","type-page","status-publish","hentry"],"_links":{"self":[{"href":"https:\/\/marinistanbul.com\/index.php?rest_route=\/wp\/v2\/pages\/866","targetHints":{"allow":["GET"]}}],"collection":[{"href":"https:\/\/marinistanbul.com\/index.php?rest_route=\/wp\/v2\/pages"}],"about":[{"href":"https:\/\/marinistanbul.com\/index.php?rest_route=\/wp\/v2\/types\/page"}],"author":[{"embeddable":true,"href":"https:\/\/marinistanbul.com\/index.php?rest_route=\/wp\/v2\/users\/1"}],"replies":[{"embeddable":true,"href":"https:\/\/marinistanbul.com\/index.php?rest_route=%2Fwp%2Fv2%2Fcomments&post=866"}],"version-history":[{"count":7,"href":"https:\/\/marinistanbul.com\/index.php?rest_route=\/wp\/v2\/pages\/866\/revisions"}],"predecessor-version":[{"id":1129,"href":"https:\/\/marinistanbul.com\/index.php?rest_route=\/wp\/v2\/pages\/866\/revisions\/1129"}],"wp:attachment":[{"href":"https:\/\/marinistanbul.com\/index.php?rest_route=%2Fwp%2Fv2%2Fmedia&parent=866"}],"curies":[{"name":"wp","href":"https:\/\/api.w.org\/{rel}","templated":true}]}}