{"id":861,"date":"2025-06-03T15:02:56","date_gmt":"2025-06-03T12:02:56","guid":{"rendered":"https:\/\/marinistanbul.com\/?page_id=861"},"modified":"2025-06-12T16:43:20","modified_gmt":"2025-06-12T13:43:20","slug":"geislinger-2","status":"publish","type":"page","link":"https:\/\/marinistanbul.com\/?page_id=861&lang=tr","title":{"rendered":"Geislinger"},"content":{"rendered":"\t\t<div data-elementor-type=\"wp-page\" data-elementor-id=\"861\" class=\"elementor elementor-861\">\n\t\t\t\t\t\t<section class=\"elementor-section elementor-top-section elementor-element elementor-element-5d7426e2 elementor-section-boxed elementor-section-height-default elementor-section-height-default\" data-id=\"5d7426e2\" data-element_type=\"section\" data-settings=\"{&quot;background_background&quot;:&quot;classic&quot;}\">\n\t\t\t\t\t\t\t<div class=\"elementor-background-overlay\"><\/div>\n\t\t\t\t\t\t\t<div class=\"elementor-container elementor-column-gap-default\">\n\t\t\t\t\t<div class=\"elementor-column elementor-col-100 elementor-top-column elementor-element elementor-element-626cc00a\" data-id=\"626cc00a\" data-element_type=\"column\">\n\t\t\t<div class=\"elementor-widget-wrap elementor-element-populated\">\n\t\t\t\t\t\t<section class=\"elementor-section elementor-inner-section elementor-element elementor-element-14f92950 elementor-section-boxed elementor-section-height-default elementor-section-height-default\" data-id=\"14f92950\" data-element_type=\"section\">\n\t\t\t\t\t\t<div class=\"elementor-container elementor-column-gap-default\">\n\t\t\t\t\t<div class=\"elementor-column elementor-col-100 elementor-inner-column elementor-element elementor-element-72ce93fe\" data-id=\"72ce93fe\" data-element_type=\"column\">\n\t\t\t<div class=\"elementor-widget-wrap elementor-element-populated\">\n\t\t\t\t\t\t<div class=\"elementor-element elementor-element-577cc141 elementor-icon-list--layout-inline elementor-align-center elementor-list-item-link-full_width elementor-widget elementor-widget-icon-list\" data-id=\"577cc141\" data-element_type=\"widget\" data-widget_type=\"icon-list.default\">\n\t\t\t\t<div class=\"elementor-widget-container\">\n\t\t\t\t\t\t\t<ul class=\"elementor-icon-list-items elementor-inline-items\">\n\t\t\t\t\t\t\t<li class=\"elementor-icon-list-item elementor-inline-item\">\n\t\t\t\t\t\t\t\t\t\t<span class=\"elementor-icon-list-text\"><\/span>\n\t\t\t\t\t\t\t\t\t<\/li>\n\t\t\t\t\t\t<\/ul>\n\t\t\t\t\t\t<\/div>\n\t\t\t\t<\/div>\n\t\t\t\t<div class=\"elementor-element elementor-element-7d24570 elementor-icon-list--layout-inline elementor-align-center elementor-list-item-link-full_width elementor-widget elementor-widget-icon-list\" data-id=\"7d24570\" data-element_type=\"widget\" data-widget_type=\"icon-list.default\">\n\t\t\t\t<div class=\"elementor-widget-container\">\n\t\t\t\t\t\t\t<ul class=\"elementor-icon-list-items elementor-inline-items\">\n\t\t\t\t\t\t\t<li class=\"elementor-icon-list-item elementor-inline-item\">\n\t\t\t\t\t\t\t\t\t\t\t<a href=\"https:\/\/marinistanbul.com\/?page_id=913&#038;lang=tr\">\n\n\t\t\t\t\t\t\t\t\t\t\t\t<span class=\"elementor-icon-list-icon\">\n\t\t\t\t\t\t\t<svg aria-hidden=\"true\" class=\"e-font-icon-svg e-fas-chevron-circle-right\" viewBox=\"0 0 512 512\" xmlns=\"http:\/\/www.w3.org\/2000\/svg\"><path d=\"M256 8c137 0 248 111 248 248S393 504 256 504 8 393 8 256 119 8 256 8zm113.9 231L234.4 103.5c-9.4-9.4-24.6-9.4-33.9 0l-17 17c-9.4 9.4-9.4 24.6 0 33.9L285.1 256 183.5 357.6c-9.4 9.4-9.4 24.6 0 33.9l17 17c9.4 9.4 24.6 9.4 33.9 0L369.9 273c9.4-9.4 9.4-24.6 0-34z\"><\/path><\/svg>\t\t\t\t\t\t<\/span>\n\t\t\t\t\t\t\t\t\t\t<span class=\"elementor-icon-list-text\">Anasayfa<\/span>\n\t\t\t\t\t\t\t\t\t\t\t<\/a>\n\t\t\t\t\t\t\t\t\t<\/li>\n\t\t\t\t\t\t\t\t<li class=\"elementor-icon-list-item elementor-inline-item\">\n\t\t\t\t\t\t\t\t\t\t\t<span class=\"elementor-icon-list-icon\">\n\t\t\t\t\t\t\t<svg aria-hidden=\"true\" class=\"e-font-icon-svg e-fas-check\" viewBox=\"0 0 512 512\" xmlns=\"http:\/\/www.w3.org\/2000\/svg\"><path d=\"M173.898 439.404l-166.4-166.4c-9.997-9.997-9.997-26.206 0-36.204l36.203-36.204c9.997-9.998 26.207-9.998 36.204 0L192 312.69 432.095 72.596c9.997-9.997 26.207-9.997 36.204 0l36.203 36.204c9.997 9.997 9.997 26.206 0 36.204l-294.4 294.401c-9.998 9.997-26.207 9.997-36.204-.001z\"><\/path><\/svg>\t\t\t\t\t\t<\/span>\n\t\t\t\t\t\t\t\t\t\t<span class=\"elementor-icon-list-text\">Geislinger<\/span>\n\t\t\t\t\t\t\t\t\t<\/li>\n\t\t\t\t\t\t<\/ul>\n\t\t\t\t\t\t<\/div>\n\t\t\t\t<\/div>\n\t\t\t\t\t<\/div>\n\t\t<\/div>\n\t\t\t\t\t<\/div>\n\t\t<\/section>\n\t\t\t\t\t<\/div>\n\t\t<\/div>\n\t\t\t\t\t<\/div>\n\t\t<\/section>\n\t\t\t\t<section class=\"elementor-section elementor-top-section elementor-element elementor-element-14ddfbf8 elementor-section-boxed elementor-section-height-default elementor-section-height-default\" data-id=\"14ddfbf8\" data-element_type=\"section\">\n\t\t\t\t\t\t<div class=\"elementor-container elementor-column-gap-default\">\n\t\t\t\t\t<div class=\"elementor-column elementor-col-100 elementor-top-column elementor-element elementor-element-7b68402c\" data-id=\"7b68402c\" data-element_type=\"column\">\n\t\t\t<div class=\"elementor-widget-wrap elementor-element-populated\">\n\t\t\t\t\t\t<section class=\"elementor-section elementor-inner-section elementor-element elementor-element-68502d3f elementor-section-boxed elementor-section-height-default elementor-section-height-default\" data-id=\"68502d3f\" data-element_type=\"section\">\n\t\t\t\t\t\t<div class=\"elementor-container elementor-column-gap-default\">\n\t\t\t\t\t<div class=\"elementor-column elementor-col-100 elementor-inner-column elementor-element elementor-element-77eb3324 elementor-invisible\" data-id=\"77eb3324\" data-element_type=\"column\" data-settings=\"{&quot;animation&quot;:&quot;fadeInUp&quot;}\">\n\t\t\t<div class=\"elementor-widget-wrap elementor-element-populated\">\n\t\t\t\t\t\t<div class=\"elementor-element elementor-element-1858a1c elementor-widget elementor-widget-image\" data-id=\"1858a1c\" data-element_type=\"widget\" data-widget_type=\"image.default\">\n\t\t\t\t<div class=\"elementor-widget-container\">\n\t\t\t\t\t\t\t\t\t\t\t\t\t\t\t<img decoding=\"async\" width=\"300\" height=\"48\" src=\"https:\/\/marinistanbul.com\/wp-content\/uploads\/2025\/05\/Geislinger-Logo-Claim-dark-grey_RGB-1-300x48.png\" class=\"attachment-medium size-medium wp-image-725\" alt=\"\" srcset=\"https:\/\/marinistanbul.com\/wp-content\/uploads\/2025\/05\/Geislinger-Logo-Claim-dark-grey_RGB-1-300x48.png 300w, https:\/\/marinistanbul.com\/wp-content\/uploads\/2025\/05\/Geislinger-Logo-Claim-dark-grey_RGB-1-1024x164.png 1024w, https:\/\/marinistanbul.com\/wp-content\/uploads\/2025\/05\/Geislinger-Logo-Claim-dark-grey_RGB-1-768x123.png 768w, https:\/\/marinistanbul.com\/wp-content\/uploads\/2025\/05\/Geislinger-Logo-Claim-dark-grey_RGB-1-1536x246.png 1536w, https:\/\/marinistanbul.com\/wp-content\/uploads\/2025\/05\/Geislinger-Logo-Claim-dark-grey_RGB-1-2048x329.png 2048w\" sizes=\"(max-width: 300px) 100vw, 300px\" \/>\t\t\t\t\t\t\t\t\t\t\t\t\t\t\t<\/div>\n\t\t\t\t<\/div>\n\t\t\t\t<div class=\"elementor-element elementor-element-605b6e73 elementor-widget__width-initial elementor-widget elementor-widget-text-editor\" data-id=\"605b6e73\" data-element_type=\"widget\" data-widget_type=\"text-editor.default\">\n\t\t\t\t<div class=\"elementor-widget-container\">\n\t\t\t\t\t\t\t\t\t<p data-start=\"44\" data-end=\"195\">\u00a0<\/p><p data-start=\"44\" data-end=\"195\">Geislinger GmbH, y\u00fcksek performansl\u0131 tahrik sistemleri i\u00e7in yenilik\u00e7i aktarma organ\u0131 \u00e7\u00f6z\u00fcmleri ve uzun \u00f6m\u00fcrl\u00fc \u00fcr\u00fcnlerde d\u00fcnya \u00e7ap\u0131nda bir liderdir.<\/p><p data-start=\"197\" data-end=\"568\">Geislinger; burulma titre\u015fim s\u00f6n\u00fcmleyicileri, torsiyonel elastik ve y\u00fcksek s\u00f6n\u00fcmlemeli kaplinler, hizas\u0131zl\u0131k kaplinleri, kompozit miller ve b\u00fcy\u00fck dizel ve gaz motorlar\u0131 i\u00e7in burulma titre\u015fimi izleme sistemleri geli\u015ftirir ve \u00fcretir. Geislinger \u00fcr\u00fcnleri; denizcilik, madencilik, petrol ve gaz, demiryolu, enerji \u00fcretimi ve r\u00fczgar enerjisi gibi sekt\u00f6rlerde kullan\u0131lmaktad\u0131r.<\/p><p data-start=\"570\" data-end=\"793\">Her Geislinger \u00fcr\u00fcn\u00fc \u00f6zel olarak tasarlan\u0131r ve bu nedenle hedef uygulamaya m\u00fckemmel \u015fekilde uyum sa\u011flamaktad\u0131r. D\u00fc\u015f\u00fck sahip olma maliyeti, ola\u011fan\u00fcst\u00fc uzun servis \u00f6mr\u00fc ve y\u00fcksek g\u00fcvenilirlik, \u00fcr\u00fcnlerin en \u00f6nemli \u00f6zelliklerindendir.<\/p><p data-start=\"795\" data-end=\"917\">65 y\u0131l\u0131 a\u015fk\u0131n deneyimiyle Geislinger, burulma titre\u015fimlerinin kontrol\u00fcne y\u00f6nelik \u00e7\u00f6z\u00fcmler sunan lider uzmanlardan biridir.<\/p><p>\u00a0<\/p><p><span style=\"font-family: -apple-system, BlinkMacSystemFont, 'Segoe UI', Roboto, 'Helvetica Neue', Arial, 'Noto Sans', sans-serif, 'Apple Color Emoji', 'Segoe UI Emoji', 'Segoe UI Symbol', 'Noto Color Emoji';\"><span style=\"text-decoration: underline;\">\u00dcr\u00fcnler<\/span>\u00a0<\/span><\/p><p><strong>\u00a0&#8211; Kaplin: <\/strong>Geislinger kaplinleri torsiyonel elastik yap\u0131ya sahip, y\u00fcksek s\u00f6n\u00fcmlemeli \u00e7elik yayl\u0131 kaplinlerdir.<\/p><p><strong>\u00a0&#8211; Damper: <\/strong>Geislinger S\u00f6n\u00fcmleyici, \u00e7elik yaylar ve hidrodinamik ya\u011f s\u00f6n\u00fcmleme sistemiyle donat\u0131lm\u0131\u015f, ayarlanm\u0131\u015f bir burulma titre\u015fimi s\u00f6n\u00fcmleyicisidir.<\/p><p><strong>\u00a0&#8211; Shafts:\u00a0<\/strong>GESILCO\u00ae Shaftline, hafif aktarma organlar\u0131 i\u00e7in \u00f6zel olarak tasarlanm\u0131\u015f ileri d\u00fczey kompozit malzemelerden \u00fcretilmi\u015f tahrik milleri ve aksesuar par\u00e7alar\u0131ndan olu\u015fan eksiksiz bir sistemdir.<\/p><p><strong>\u00a0&#8211; Monitoring and Digital Solutions:\u00a0<\/strong>Aktarma sistemindeki burulma titre\u015fimlerini izleyebilir ve anormal davran\u0131\u015flar\u0131 erken tespit ederek ar\u0131zalar\u0131 \u00f6nceden tahmin edebilir.<\/p><p>\u00a0<\/p><p><span style=\"text-decoration: underline;\">Uygulama Alanlar\u0131<\/span><\/p><p data-start=\"1620\" data-end=\"1632\"><strong>&#8211; Denizcilik<\/strong><\/p><p data-start=\"1635\" data-end=\"1679\"><strong>&#8211; R\u00fczgar Enerjisi ve Yenilenebilir Kaynaklar<\/strong><\/p><p data-start=\"1682\" data-end=\"1698\"><strong>&#8211; Enerji \u00dcretimi<\/strong><\/p><p data-start=\"1701\" data-end=\"1726\"><strong>&#8211; End\u00fcstriyel Uygulamalar<\/strong><\/p><p data-start=\"1729\" data-end=\"1753\"><strong>&#8211; Arazi D\u0131\u015f\u0131 Uygulamalar<\/strong><\/p><p data-start=\"1756\" data-end=\"1774\"><strong>&#8211; Test ve Geli\u015ftirme<\/strong><\/p><p>\u00a0<\/p><p><a>https:\/\/www.geislinger.com\/<\/a><\/p>\t\t\t\t\t\t\t\t<\/div>\n\t\t\t\t<\/div>\n\t\t\t\t<div class=\"elementor-element elementor-element-55dd6438 elementor-widget__width-initial elementor-widget-divider--view-line elementor-widget elementor-widget-divider\" data-id=\"55dd6438\" data-element_type=\"widget\" data-widget_type=\"divider.default\">\n\t\t\t\t<div class=\"elementor-widget-container\">\n\t\t\t\t\t\t\t<div class=\"elementor-divider\">\n\t\t\t<span class=\"elementor-divider-separator\">\n\t\t\t\t\t\t<\/span>\n\t\t<\/div>\n\t\t\t\t\t\t<\/div>\n\t\t\t\t<\/div>\n\t\t\t\t\t<\/div>\n\t\t<\/div>\n\t\t\t\t\t<\/div>\n\t\t<\/section>\n\t\t\t\t\t<\/div>\n\t\t<\/div>\n\t\t\t\t\t<\/div>\n\t\t<\/section>\n\t\t\t\t<\/div>\n\t\t","protected":false},"excerpt":{"rendered":"<p>Anasayfa Geislinger \u00a0 Geislinger GmbH, y\u00fcksek performansl\u0131 tahrik sistemleri i\u00e7in yenilik\u00e7i aktarma organ\u0131 \u00e7\u00f6z\u00fcmleri ve uzun \u00f6m\u00fcrl\u00fc \u00fcr\u00fcnlerde d\u00fcnya \u00e7ap\u0131nda bir liderdir. Geislinger; burulma titre\u015fim s\u00f6n\u00fcmleyicileri, torsiyonel elastik ve y\u00fcksek s\u00f6n\u00fcmlemeli kaplinler, hizas\u0131zl\u0131k kaplinleri, kompozit miller ve b\u00fcy\u00fck dizel ve gaz motorlar\u0131 i\u00e7in burulma titre\u015fimi izleme sistemleri geli\u015ftirir ve \u00fcretir. Geislinger \u00fcr\u00fcnleri; denizcilik, madencilik, petrol [&hellip;]<\/p>\n","protected":false},"author":1,"featured_media":0,"parent":0,"menu_order":0,"comment_status":"closed","ping_status":"closed","template":"elementor_header_footer","meta":{"footnotes":""},"class_list":["post-861","page","type-page","status-publish","hentry"],"_links":{"self":[{"href":"https:\/\/marinistanbul.com\/index.php?rest_route=\/wp\/v2\/pages\/861","targetHints":{"allow":["GET"]}}],"collection":[{"href":"https:\/\/marinistanbul.com\/index.php?rest_route=\/wp\/v2\/pages"}],"about":[{"href":"https:\/\/marinistanbul.com\/index.php?rest_route=\/wp\/v2\/types\/page"}],"author":[{"embeddable":true,"href":"https:\/\/marinistanbul.com\/index.php?rest_route=\/wp\/v2\/users\/1"}],"replies":[{"embeddable":true,"href":"https:\/\/marinistanbul.com\/index.php?rest_route=%2Fwp%2Fv2%2Fcomments&post=861"}],"version-history":[{"count":10,"href":"https:\/\/marinistanbul.com\/index.php?rest_route=\/wp\/v2\/pages\/861\/revisions"}],"predecessor-version":[{"id":1224,"href":"https:\/\/marinistanbul.com\/index.php?rest_route=\/wp\/v2\/pages\/861\/revisions\/1224"}],"wp:attachment":[{"href":"https:\/\/marinistanbul.com\/index.php?rest_route=%2Fwp%2Fv2%2Fmedia&parent=861"}],"curies":[{"name":"wp","href":"https:\/\/api.w.org\/{rel}","templated":true}]}}