{"id":544,"date":"2025-05-06T09:46:35","date_gmt":"2025-05-06T06:46:35","guid":{"rendered":"http:\/\/marinistanbul.com\/?page_id=544"},"modified":"2025-05-21T17:26:20","modified_gmt":"2025-05-21T14:26:20","slug":"wartsila","status":"publish","type":"page","link":"https:\/\/marinistanbul.com\/?page_id=544","title":{"rendered":"Wartsila"},"content":{"rendered":"\t\t<div data-elementor-type=\"wp-page\" data-elementor-id=\"544\" class=\"elementor elementor-544\">\n\t\t\t\t\t\t<section class=\"elementor-section elementor-top-section elementor-element elementor-element-346723b4 elementor-section-boxed elementor-section-height-default elementor-section-height-default\" data-id=\"346723b4\" data-element_type=\"section\" data-settings=\"{&quot;background_background&quot;:&quot;classic&quot;}\">\n\t\t\t\t\t\t\t<div class=\"elementor-background-overlay\"><\/div>\n\t\t\t\t\t\t\t<div class=\"elementor-container elementor-column-gap-default\">\n\t\t\t\t\t<div class=\"elementor-column elementor-col-100 elementor-top-column elementor-element elementor-element-3ff98db9\" data-id=\"3ff98db9\" data-element_type=\"column\">\n\t\t\t<div class=\"elementor-widget-wrap elementor-element-populated\">\n\t\t\t\t\t\t<section class=\"elementor-section elementor-inner-section elementor-element elementor-element-10fdb7b elementor-section-boxed elementor-section-height-default elementor-section-height-default\" data-id=\"10fdb7b\" data-element_type=\"section\">\n\t\t\t\t\t\t<div class=\"elementor-container elementor-column-gap-default\">\n\t\t\t\t\t<div class=\"elementor-column elementor-col-100 elementor-inner-column elementor-element elementor-element-b97cb3d\" data-id=\"b97cb3d\" data-element_type=\"column\">\n\t\t\t<div class=\"elementor-widget-wrap elementor-element-populated\">\n\t\t\t\t\t\t<div class=\"elementor-element elementor-element-4906df9 elementor-icon-list--layout-inline elementor-align-center elementor-list-item-link-full_width elementor-widget elementor-widget-icon-list\" data-id=\"4906df9\" data-element_type=\"widget\" data-widget_type=\"icon-list.default\">\n\t\t\t\t<div class=\"elementor-widget-container\">\n\t\t\t\t\t\t\t<ul class=\"elementor-icon-list-items elementor-inline-items\">\n\t\t\t\t\t\t\t<li class=\"elementor-icon-list-item elementor-inline-item\">\n\t\t\t\t\t\t\t\t\t\t<span class=\"elementor-icon-list-text\"><\/span>\n\t\t\t\t\t\t\t\t\t<\/li>\n\t\t\t\t\t\t<\/ul>\n\t\t\t\t\t\t<\/div>\n\t\t\t\t<\/div>\n\t\t\t\t<div class=\"elementor-element elementor-element-f9ceb54 elementor-icon-list--layout-inline elementor-align-center elementor-list-item-link-full_width elementor-widget elementor-widget-icon-list\" data-id=\"f9ceb54\" data-element_type=\"widget\" data-widget_type=\"icon-list.default\">\n\t\t\t\t<div class=\"elementor-widget-container\">\n\t\t\t\t\t\t\t<ul class=\"elementor-icon-list-items elementor-inline-items\">\n\t\t\t\t\t\t\t<li class=\"elementor-icon-list-item elementor-inline-item\">\n\t\t\t\t\t\t\t\t\t\t\t<a href=\"http:\/\/marinistanbul.com\/\">\n\n\t\t\t\t\t\t\t\t\t\t\t<span class=\"elementor-icon-list-text\">Home<\/span>\n\t\t\t\t\t\t\t\t\t\t\t<\/a>\n\t\t\t\t\t\t\t\t\t<\/li>\n\t\t\t\t\t\t\t\t<li class=\"elementor-icon-list-item elementor-inline-item\">\n\t\t\t\t\t\t\t\t\t\t\t<a href=\"http:\/\/marinistanbul.com\/?page_id=544\">\n\n\t\t\t\t\t\t\t\t\t\t\t\t<span class=\"elementor-icon-list-icon\">\n\t\t\t\t\t\t\t<svg aria-hidden=\"true\" class=\"e-font-icon-svg e-fas-chevron-circle-right\" viewBox=\"0 0 512 512\" xmlns=\"http:\/\/www.w3.org\/2000\/svg\"><path d=\"M256 8c137 0 248 111 248 248S393 504 256 504 8 393 8 256 119 8 256 8zm113.9 231L234.4 103.5c-9.4-9.4-24.6-9.4-33.9 0l-17 17c-9.4 9.4-9.4 24.6 0 33.9L285.1 256 183.5 357.6c-9.4 9.4-9.4 24.6 0 33.9l17 17c9.4 9.4 24.6 9.4 33.9 0L369.9 273c9.4-9.4 9.4-24.6 0-34z\"><\/path><\/svg>\t\t\t\t\t\t<\/span>\n\t\t\t\t\t\t\t\t\t\t<span class=\"elementor-icon-list-text\"><span class=\"wixui-rich-text__text\">W\u00e4rtsil\u00e4<\/span> Water &amp; Waste<\/span>\n\t\t\t\t\t\t\t\t\t\t\t<\/a>\n\t\t\t\t\t\t\t\t\t<\/li>\n\t\t\t\t\t\t<\/ul>\n\t\t\t\t\t\t<\/div>\n\t\t\t\t<\/div>\n\t\t\t\t\t<\/div>\n\t\t<\/div>\n\t\t\t\t\t<\/div>\n\t\t<\/section>\n\t\t\t\t\t<\/div>\n\t\t<\/div>\n\t\t\t\t\t<\/div>\n\t\t<\/section>\n\t\t\t\t<section class=\"elementor-section elementor-top-section elementor-element elementor-element-52173ecc elementor-section-boxed elementor-section-height-default elementor-section-height-default\" data-id=\"52173ecc\" data-element_type=\"section\">\n\t\t\t\t\t\t<div class=\"elementor-container elementor-column-gap-default\">\n\t\t\t\t\t<div class=\"elementor-column elementor-col-100 elementor-top-column elementor-element elementor-element-408dcbb7\" data-id=\"408dcbb7\" data-element_type=\"column\">\n\t\t\t<div class=\"elementor-widget-wrap elementor-element-populated\">\n\t\t\t\t\t\t<section class=\"elementor-section elementor-inner-section elementor-element elementor-element-1e552af7 elementor-section-boxed elementor-section-height-default elementor-section-height-default\" data-id=\"1e552af7\" data-element_type=\"section\">\n\t\t\t\t\t\t<div class=\"elementor-container elementor-column-gap-default\">\n\t\t\t\t\t<div class=\"elementor-column elementor-col-100 elementor-inner-column elementor-element elementor-element-239ee129 elementor-invisible\" data-id=\"239ee129\" data-element_type=\"column\" data-settings=\"{&quot;animation&quot;:&quot;fadeInUp&quot;}\">\n\t\t\t<div class=\"elementor-widget-wrap elementor-element-populated\">\n\t\t\t\t\t\t<div class=\"elementor-element elementor-element-3f677fb elementor-widget elementor-widget-image\" data-id=\"3f677fb\" data-element_type=\"widget\" data-widget_type=\"image.default\">\n\t\t\t\t<div class=\"elementor-widget-container\">\n\t\t\t\t\t\t\t\t\t\t\t\t\t\t\t<img decoding=\"async\" width=\"300\" height=\"136\" src=\"https:\/\/marinistanbul.com\/wp-content\/uploads\/2025\/05\/waterwaste_final-square-scaled-e1747824880145-300x136.png\" class=\"attachment-medium size-medium wp-image-710\" alt=\"\" srcset=\"https:\/\/marinistanbul.com\/wp-content\/uploads\/2025\/05\/waterwaste_final-square-scaled-e1747824880145-300x136.png 300w, https:\/\/marinistanbul.com\/wp-content\/uploads\/2025\/05\/waterwaste_final-square-scaled-e1747824880145-1024x464.png 1024w, https:\/\/marinistanbul.com\/wp-content\/uploads\/2025\/05\/waterwaste_final-square-scaled-e1747824880145-768x348.png 768w, https:\/\/marinistanbul.com\/wp-content\/uploads\/2025\/05\/waterwaste_final-square-scaled-e1747824880145-1536x696.png 1536w, https:\/\/marinistanbul.com\/wp-content\/uploads\/2025\/05\/waterwaste_final-square-scaled-e1747824880145.png 1958w\" sizes=\"(max-width: 300px) 100vw, 300px\" \/>\t\t\t\t\t\t\t\t\t\t\t\t\t\t\t<\/div>\n\t\t\t\t<\/div>\n\t\t\t\t<div class=\"elementor-element elementor-element-24db1f7a elementor-widget elementor-widget-text-editor\" data-id=\"24db1f7a\" data-element_type=\"widget\" data-widget_type=\"text-editor.default\">\n\t\t\t\t<div class=\"elementor-widget-container\">\n\t\t\t\t\t\t\t\t\t<div id=\"comp-li3hmcrk3\" class=\"HcOXKn c9GqVL QxJLC3 lq2cno YQcXTT comp-li3hmcrk3 wixui-rich-text\" data-testid=\"richTextElement\"><p class=\"font_7 wixui-rich-text__text\"><span class=\"wixui-rich-text__text\">As of January 2012 <a class=\"wixui-rich-text__text\" href=\"https:\/\/www.wartsila.com\/hamworthy\" target=\"_blank\" rel=\"noreferrer noopener\">Hamworthy<\/a> became part of the W\u00e4rtsil\u00e4 organisation. At W\u00e4rtsil\u00e4 Water &amp; Waste, we support our customers with a complete lifecycle offering of water and waste solutions. These ensure the highest operational efficiency, compliance and enhanced environmental performance. Even though most of our customers can be found in the marine and off-shore industry, a growing number of on-land applications is being equipped with our solutions.<\/span><\/p><p>\u00a0<\/p><p class=\"font_7 wixui-rich-text__text\"><span class=\"wixui-rich-text__text\">Water &amp; Waste is a dedicated business unit within W\u00e4rtsil\u00e4. Our teams in Poole (UK) and Geesthacht (Germany) directly help customers with their newbuild and retrofit projects as well as with any after-sales related support.\u00a0<\/span><\/p><p class=\"font_7 wixui-rich-text__text\"><span class=\"wixui-rich-text__text\">\u200b<\/span><\/p><p class=\"font_7 wixui-rich-text__text\"><strong><span class=\"wixui-rich-text__text\">Products and solutions:\u00a0<\/span><\/strong><\/p><p class=\"font_7 wixui-rich-text__text\"><span class=\"wixui-rich-text__text\">\u200b &#8211; Conventional biological sewage treatment plants and advanced membrane bioreactors<\/span><\/p><p class=\"font_7 wixui-rich-text__text\"><span class=\"wixui-rich-text__text\">&#8211; Ballast water management systems<\/span><\/p><p class=\"font_7 wixui-rich-text__text\"><span class=\"wixui-rich-text__text\">\u00a0&#8211; Freshwater generators (reverse osmosis plants and evaporators)<\/span><\/p><p class=\"font_7 wixui-rich-text__text\"><span class=\"wixui-rich-text__text\">\u00a0&#8211; Vacuum toilets and vacuum collecting systems<\/span><\/p><p class=\"font_7 wixui-rich-text__text\"><span class=\"wixui-rich-text__text\"><a class=\"wixui-rich-text__text\" href=\"https:\/\/www.wartsila.com\/waw\/home\" target=\"_blank\" rel=\"noopener\" data-auto-recognition=\"true\">https:\/\/www.wartsila.com\/waw\/home<\/a><\/span><\/p><\/div>\t\t\t\t\t\t\t\t<\/div>\n\t\t\t\t<\/div>\n\t\t\t\t<div class=\"elementor-element elementor-element-7dca0432 elementor-widget__width-initial elementor-widget-divider--view-line elementor-widget elementor-widget-divider\" data-id=\"7dca0432\" data-element_type=\"widget\" data-widget_type=\"divider.default\">\n\t\t\t\t<div class=\"elementor-widget-container\">\n\t\t\t\t\t\t\t<div class=\"elementor-divider\">\n\t\t\t<span class=\"elementor-divider-separator\">\n\t\t\t\t\t\t<\/span>\n\t\t<\/div>\n\t\t\t\t\t\t<\/div>\n\t\t\t\t<\/div>\n\t\t\t\t\t<\/div>\n\t\t<\/div>\n\t\t\t\t\t<\/div>\n\t\t<\/section>\n\t\t\t\t\t<\/div>\n\t\t<\/div>\n\t\t\t\t\t<\/div>\n\t\t<\/section>\n\t\t\t\t<\/div>\n\t\t","protected":false},"excerpt":{"rendered":"<p>Home W\u00e4rtsil\u00e4 Water &amp; Waste As of January 2012 Hamworthy became part of the W\u00e4rtsil\u00e4 organisation. At W\u00e4rtsil\u00e4 Water &amp; Waste, we support our customers with a complete lifecycle offering of water and waste solutions. These ensure the highest operational efficiency, compliance and enhanced environmental performance. Even though most of our customers can be found [&hellip;]<\/p>\n","protected":false},"author":1,"featured_media":0,"parent":0,"menu_order":0,"comment_status":"closed","ping_status":"closed","template":"elementor_header_footer","meta":{"footnotes":""},"class_list":["post-544","page","type-page","status-publish","hentry"],"_links":{"self":[{"href":"https:\/\/marinistanbul.com\/index.php?rest_route=\/wp\/v2\/pages\/544","targetHints":{"allow":["GET"]}}],"collection":[{"href":"https:\/\/marinistanbul.com\/index.php?rest_route=\/wp\/v2\/pages"}],"about":[{"href":"https:\/\/marinistanbul.com\/index.php?rest_route=\/wp\/v2\/types\/page"}],"author":[{"embeddable":true,"href":"https:\/\/marinistanbul.com\/index.php?rest_route=\/wp\/v2\/users\/1"}],"replies":[{"embeddable":true,"href":"https:\/\/marinistanbul.com\/index.php?rest_route=%2Fwp%2Fv2%2Fcomments&post=544"}],"version-history":[{"count":16,"href":"https:\/\/marinistanbul.com\/index.php?rest_route=\/wp\/v2\/pages\/544\/revisions"}],"predecessor-version":[{"id":754,"href":"https:\/\/marinistanbul.com\/index.php?rest_route=\/wp\/v2\/pages\/544\/revisions\/754"}],"wp:attachment":[{"href":"https:\/\/marinistanbul.com\/index.php?rest_route=%2Fwp%2Fv2%2Fmedia&parent=544"}],"curies":[{"name":"wp","href":"https:\/\/api.w.org\/{rel}","templated":true}]}}